{"id":15,"date":"2024-08-28T08:47:09","date_gmt":"2024-08-28T08:47:09","guid":{"rendered":"https:\/\/www.valaskirjat.fi\/?page_id=15"},"modified":"2026-04-10T15:17:29","modified_gmt":"2026-04-10T15:17:29","slug":"portfolio","status":"publish","type":"page","link":"http:\/\/www.valaskirjat.fi\/","title":{"rendered":"Julkaisut"},"content":{"rendered":"\n<p>VaLas-kollektiivilta ilmestyneet kirjat, uusin ensimm\u00e4isen\u00e4. P\u00e4\u00e4set teoksen esittelyyn napauttamalla kuvaa.<\/p>\n\n\n\n<div class=\"wp-block-group\"><div class=\"wp-block-group__inner-container is-layout-constrained wp-block-group-is-layout-constrained\">\n<figure class=\"wp-block-gallery has-nested-images columns-default is-cropped wp-block-gallery-1 is-layout-flex wp-block-gallery-is-layout-flex\">\n<figure class=\"wp-block-image size-large\"><a href=\"https:\/\/www.valaskirjat.fi\/index.php\/kutsumaton-vieras\/\"><img loading=\"lazy\" decoding=\"async\" width=\"722\" height=\"1024\" src=\"https:\/\/www.valaskirjat.fi\/wp-content\/uploads\/2025\/11\/kutsumaton-vieras-kansi-3-722x1024.jpg\" alt=\"\" class=\"wp-image-205\" srcset=\"http:\/\/www.valaskirjat.fi\/wp-content\/uploads\/2025\/11\/kutsumaton-vieras-kansi-3-722x1024.jpg 722w, http:\/\/www.valaskirjat.fi\/wp-content\/uploads\/2025\/11\/kutsumaton-vieras-kansi-3-211x300.jpg 211w, http:\/\/www.valaskirjat.fi\/wp-content\/uploads\/2025\/11\/kutsumaton-vieras-kansi-3-768x1090.jpg 768w, http:\/\/www.valaskirjat.fi\/wp-content\/uploads\/2025\/11\/kutsumaton-vieras-kansi-3.jpg 874w\" sizes=\"(max-width: 722px) 100vw, 722px\" \/><\/a><\/figure>\n\n\n\n<figure class=\"wp-block-image size-large\"><a href=\"https:\/\/www.valaskirjat.fi\/index.php\/mopokesa\/\"><img loading=\"lazy\" decoding=\"async\" width=\"733\" height=\"1024\" src=\"https:\/\/www.valaskirjat.fi\/wp-content\/uploads\/2025\/05\/Mopokesa-kansikuva-1-733x1024.jpg\" alt=\"\" class=\"wp-image-188\" srcset=\"http:\/\/www.valaskirjat.fi\/wp-content\/uploads\/2025\/05\/Mopokesa-kansikuva-1-733x1024.jpg 733w, http:\/\/www.valaskirjat.fi\/wp-content\/uploads\/2025\/05\/Mopokesa-kansikuva-1-215x300.jpg 215w, http:\/\/www.valaskirjat.fi\/wp-content\/uploads\/2025\/05\/Mopokesa-kansikuva-1-768x1073.jpg 768w, http:\/\/www.valaskirjat.fi\/wp-content\/uploads\/2025\/05\/Mopokesa-kansikuva-1-1100x1536.jpg 1100w, http:\/\/www.valaskirjat.fi\/wp-content\/uploads\/2025\/05\/Mopokesa-kansikuva-1-1320x1844.jpg 1320w, http:\/\/www.valaskirjat.fi\/wp-content\/uploads\/2025\/05\/Mopokesa-kansikuva-1-920x1285.jpg 920w, http:\/\/www.valaskirjat.fi\/wp-content\/uploads\/2025\/05\/Mopokesa-kansikuva-1.jpg 1432w\" sizes=\"(max-width: 733px) 100vw, 733px\" \/><\/a><\/figure>\n\n\n\n<figure class=\"wp-block-image size-large\"><a href=\"https:\/\/www.valaskirjat.fi\/index.php\/skutsi\/\"><img loading=\"lazy\" decoding=\"async\" width=\"676\" height=\"1024\" src=\"https:\/\/www.valaskirjat.fi\/wp-content\/uploads\/2024\/09\/skutsi-kansitaitto-676x1024.png\" alt=\"\" class=\"wp-image-98\" srcset=\"http:\/\/www.valaskirjat.fi\/wp-content\/uploads\/2024\/09\/skutsi-kansitaitto-676x1024.png 676w, http:\/\/www.valaskirjat.fi\/wp-content\/uploads\/2024\/09\/skutsi-kansitaitto-198x300.png 198w, http:\/\/www.valaskirjat.fi\/wp-content\/uploads\/2024\/09\/skutsi-kansitaitto-768x1163.png 768w, http:\/\/www.valaskirjat.fi\/wp-content\/uploads\/2024\/09\/skutsi-kansitaitto-1014x1536.png 1014w, http:\/\/www.valaskirjat.fi\/wp-content\/uploads\/2024\/09\/skutsi-kansitaitto-1352x2048.png 1352w, http:\/\/www.valaskirjat.fi\/wp-content\/uploads\/2024\/09\/skutsi-kansitaitto-1320x1999.png 1320w, http:\/\/www.valaskirjat.fi\/wp-content\/uploads\/2024\/09\/skutsi-kansitaitto-920x1394.png 920w, http:\/\/www.valaskirjat.fi\/wp-content\/uploads\/2024\/09\/skutsi-kansitaitto.png 1871w\" sizes=\"(max-width: 676px) 100vw, 676px\" \/><\/a><\/figure>\n\n\n\n<figure class=\"wp-block-image size-large\"><a href=\"https:\/\/www.valaskirjat.fi\/index.php\/kirotun-niityn-tytto\/\"><img loading=\"lazy\" decoding=\"async\" width=\"668\" height=\"1024\" src=\"https:\/\/www.valaskirjat.fi\/wp-content\/uploads\/2024\/08\/kirotunniityntytto-668x1024.jpg\" alt=\"\" class=\"wp-image-18\" srcset=\"http:\/\/www.valaskirjat.fi\/wp-content\/uploads\/2024\/08\/kirotunniityntytto-668x1024.jpg 668w, http:\/\/www.valaskirjat.fi\/wp-content\/uploads\/2024\/08\/kirotunniityntytto-196x300.jpg 196w, http:\/\/www.valaskirjat.fi\/wp-content\/uploads\/2024\/08\/kirotunniityntytto-768x1177.jpg 768w, http:\/\/www.valaskirjat.fi\/wp-content\/uploads\/2024\/08\/kirotunniityntytto-920x1410.jpg 920w, http:\/\/www.valaskirjat.fi\/wp-content\/uploads\/2024\/08\/kirotunniityntytto.jpg 984w\" sizes=\"(max-width: 668px) 100vw, 668px\" \/><\/a><\/figure>\n\n\n\n<figure class=\"wp-block-image size-large\"><a href=\"https:\/\/www.valaskirjat.fi\/index.php\/kun-hiljaisuus-valehtelee\/\"><img loading=\"lazy\" decoding=\"async\" width=\"713\" height=\"1024\" src=\"https:\/\/www.valaskirjat.fi\/wp-content\/uploads\/2024\/08\/Nayttokuva-2024-08-29-kello-7.50.01-713x1024.png\" alt=\"\" class=\"wp-image-69\" srcset=\"http:\/\/www.valaskirjat.fi\/wp-content\/uploads\/2024\/08\/Nayttokuva-2024-08-29-kello-7.50.01-713x1024.png 713w, http:\/\/www.valaskirjat.fi\/wp-content\/uploads\/2024\/08\/Nayttokuva-2024-08-29-kello-7.50.01-209x300.png 209w, http:\/\/www.valaskirjat.fi\/wp-content\/uploads\/2024\/08\/Nayttokuva-2024-08-29-kello-7.50.01-768x1104.png 768w, http:\/\/www.valaskirjat.fi\/wp-content\/uploads\/2024\/08\/Nayttokuva-2024-08-29-kello-7.50.01.png 842w\" sizes=\"(max-width: 713px) 100vw, 713px\" \/><\/a><figcaption class=\"wp-element-caption\">2024<\/figcaption><\/figure>\n\n\n\n<figure class=\"wp-block-image size-large\"><a href=\"https:\/\/www.valaskirjat.fi\/index.php\/koko-pitka-yo\/\"><img loading=\"lazy\" decoding=\"async\" width=\"687\" height=\"1024\" src=\"https:\/\/www.valaskirjat.fi\/wp-content\/uploads\/2024\/08\/Nayttokuva-2024-08-29-kello-7.49.27-687x1024.png\" alt=\"\" class=\"wp-image-68\" srcset=\"http:\/\/www.valaskirjat.fi\/wp-content\/uploads\/2024\/08\/Nayttokuva-2024-08-29-kello-7.49.27-687x1024.png 687w, http:\/\/www.valaskirjat.fi\/wp-content\/uploads\/2024\/08\/Nayttokuva-2024-08-29-kello-7.49.27-201x300.png 201w, http:\/\/www.valaskirjat.fi\/wp-content\/uploads\/2024\/08\/Nayttokuva-2024-08-29-kello-7.49.27-768x1145.png 768w, http:\/\/www.valaskirjat.fi\/wp-content\/uploads\/2024\/08\/Nayttokuva-2024-08-29-kello-7.49.27.png 794w\" sizes=\"(max-width: 687px) 100vw, 687px\" \/><\/a><figcaption class=\"wp-element-caption\">2024<\/figcaption><\/figure>\n\n\n\n<figure class=\"wp-block-image size-large\"><a href=\"https:\/\/www.valaskirjat.fi\/index.php\/nyyrikin-syksy\/\"><img loading=\"lazy\" decoding=\"async\" width=\"707\" height=\"1024\" src=\"https:\/\/www.valaskirjat.fi\/wp-content\/uploads\/2024\/08\/Nayttokuva-2024-08-29-kello-7.59.42-707x1024.png\" alt=\"\" class=\"wp-image-83\" srcset=\"http:\/\/www.valaskirjat.fi\/wp-content\/uploads\/2024\/08\/Nayttokuva-2024-08-29-kello-7.59.42-707x1024.png 707w, http:\/\/www.valaskirjat.fi\/wp-content\/uploads\/2024\/08\/Nayttokuva-2024-08-29-kello-7.59.42-207x300.png 207w, http:\/\/www.valaskirjat.fi\/wp-content\/uploads\/2024\/08\/Nayttokuva-2024-08-29-kello-7.59.42-768x1112.png 768w, http:\/\/www.valaskirjat.fi\/wp-content\/uploads\/2024\/08\/Nayttokuva-2024-08-29-kello-7.59.42.png 826w\" sizes=\"(max-width: 707px) 100vw, 707px\" \/><\/a><figcaption class=\"wp-element-caption\">2023<\/figcaption><\/figure>\n\n\n\n<figure class=\"wp-block-image size-large\"><a href=\"https:\/\/www.valaskirjat.fi\/index.php\/kuinka-saavutetaan-zanshin-selkomukautus\/\"><img loading=\"lazy\" decoding=\"async\" width=\"492\" height=\"694\" src=\"https:\/\/www.valaskirjat.fi\/wp-content\/uploads\/2024\/08\/Nayttokuva-2024-08-29-kello-7.00.38.png\" alt=\"\" class=\"wp-image-66\" srcset=\"http:\/\/www.valaskirjat.fi\/wp-content\/uploads\/2024\/08\/Nayttokuva-2024-08-29-kello-7.00.38.png 492w, http:\/\/www.valaskirjat.fi\/wp-content\/uploads\/2024\/08\/Nayttokuva-2024-08-29-kello-7.00.38-213x300.png 213w\" sizes=\"(max-width: 492px) 100vw, 492px\" \/><\/a><figcaption class=\"wp-element-caption\">2023<\/figcaption><\/figure>\n\n\n\n<figure class=\"wp-block-image size-large\"><a href=\"https:\/\/www.valaskirjat.fi\/index.php\/kuinka-saavutetaan-zanshin\/\"><img loading=\"lazy\" decoding=\"async\" width=\"728\" height=\"1024\" src=\"https:\/\/www.valaskirjat.fi\/wp-content\/uploads\/2024\/08\/Nayttokuva-2024-08-28-kello-11.43.57-728x1024.png\" alt=\"\" class=\"wp-image-16\" srcset=\"http:\/\/www.valaskirjat.fi\/wp-content\/uploads\/2024\/08\/Nayttokuva-2024-08-28-kello-11.43.57-728x1024.png 728w, http:\/\/www.valaskirjat.fi\/wp-content\/uploads\/2024\/08\/Nayttokuva-2024-08-28-kello-11.43.57-213x300.png 213w, http:\/\/www.valaskirjat.fi\/wp-content\/uploads\/2024\/08\/Nayttokuva-2024-08-28-kello-11.43.57-768x1080.png 768w, http:\/\/www.valaskirjat.fi\/wp-content\/uploads\/2024\/08\/Nayttokuva-2024-08-28-kello-11.43.57-1092x1536.png 1092w, http:\/\/www.valaskirjat.fi\/wp-content\/uploads\/2024\/08\/Nayttokuva-2024-08-28-kello-11.43.57-920x1294.png 920w, http:\/\/www.valaskirjat.fi\/wp-content\/uploads\/2024\/08\/Nayttokuva-2024-08-28-kello-11.43.57.png 1106w\" sizes=\"(max-width: 728px) 100vw, 728px\" \/><\/a><\/figure>\n\n\n\n<figure class=\"wp-block-image size-large\"><a href=\"https:\/\/www.valaskirjat.fi\/index.php\/nyyrikin-joukukirja\/\"><img loading=\"lazy\" decoding=\"async\" width=\"710\" height=\"1024\" src=\"https:\/\/www.valaskirjat.fi\/wp-content\/uploads\/2024\/08\/Nayttokuva-2024-08-28-kello-12.26.06-710x1024.png\" alt=\"\" class=\"wp-image-42\" srcset=\"http:\/\/www.valaskirjat.fi\/wp-content\/uploads\/2024\/08\/Nayttokuva-2024-08-28-kello-12.26.06-710x1024.png 710w, http:\/\/www.valaskirjat.fi\/wp-content\/uploads\/2024\/08\/Nayttokuva-2024-08-28-kello-12.26.06-208x300.png 208w, http:\/\/www.valaskirjat.fi\/wp-content\/uploads\/2024\/08\/Nayttokuva-2024-08-28-kello-12.26.06-768x1108.png 768w, http:\/\/www.valaskirjat.fi\/wp-content\/uploads\/2024\/08\/Nayttokuva-2024-08-28-kello-12.26.06-920x1327.png 920w, http:\/\/www.valaskirjat.fi\/wp-content\/uploads\/2024\/08\/Nayttokuva-2024-08-28-kello-12.26.06.png 972w\" sizes=\"(max-width: 710px) 100vw, 710px\" \/><\/a><\/figure>\n\n\n\n<figure class=\"wp-block-image size-large\"><a href=\"https:\/\/www.valaskirjat.fi\/index.php\/vahna-paha\/\"><img loading=\"lazy\" decoding=\"async\" width=\"727\" height=\"1024\" src=\"https:\/\/www.valaskirjat.fi\/wp-content\/uploads\/2024\/08\/Nayttokuva-2024-08-28-kello-12.25.57-727x1024.png\" alt=\"\" class=\"wp-image-41\" srcset=\"http:\/\/www.valaskirjat.fi\/wp-content\/uploads\/2024\/08\/Nayttokuva-2024-08-28-kello-12.25.57-727x1024.png 727w, http:\/\/www.valaskirjat.fi\/wp-content\/uploads\/2024\/08\/Nayttokuva-2024-08-28-kello-12.25.57-213x300.png 213w, http:\/\/www.valaskirjat.fi\/wp-content\/uploads\/2024\/08\/Nayttokuva-2024-08-28-kello-12.25.57-768x1082.png 768w, http:\/\/www.valaskirjat.fi\/wp-content\/uploads\/2024\/08\/Nayttokuva-2024-08-28-kello-12.25.57-920x1296.png 920w, http:\/\/www.valaskirjat.fi\/wp-content\/uploads\/2024\/08\/Nayttokuva-2024-08-28-kello-12.25.57.png 974w\" sizes=\"(max-width: 727px) 100vw, 727px\" \/><\/a><\/figure>\n\n\n\n<figure class=\"wp-block-image size-large\"><a href=\"https:\/\/www.valaskirjat.fi\/index.php\/mimmu-tihinen-kaken-maailman-asiat\/\"><img loading=\"lazy\" decoding=\"async\" width=\"651\" height=\"1024\" src=\"https:\/\/www.valaskirjat.fi\/wp-content\/uploads\/2024\/08\/Nayttokuva-2024-08-28-kello-12.25.42-651x1024.png\" alt=\"\" class=\"wp-image-40\" srcset=\"http:\/\/www.valaskirjat.fi\/wp-content\/uploads\/2024\/08\/Nayttokuva-2024-08-28-kello-12.25.42-651x1024.png 651w, http:\/\/www.valaskirjat.fi\/wp-content\/uploads\/2024\/08\/Nayttokuva-2024-08-28-kello-12.25.42-191x300.png 191w, http:\/\/www.valaskirjat.fi\/wp-content\/uploads\/2024\/08\/Nayttokuva-2024-08-28-kello-12.25.42-768x1209.png 768w, http:\/\/www.valaskirjat.fi\/wp-content\/uploads\/2024\/08\/Nayttokuva-2024-08-28-kello-12.25.42-920x1448.png 920w, http:\/\/www.valaskirjat.fi\/wp-content\/uploads\/2024\/08\/Nayttokuva-2024-08-28-kello-12.25.42.png 958w\" sizes=\"(max-width: 651px) 100vw, 651px\" \/><\/a><\/figure>\n\n\n\n<figure class=\"wp-block-image size-large\"><img loading=\"lazy\" decoding=\"async\" width=\"715\" height=\"1024\" src=\"https:\/\/www.valaskirjat.fi\/wp-content\/uploads\/2024\/08\/Nayttokuva-2024-08-28-kello-11.44.42-715x1024.png\" alt=\"\" class=\"wp-image-17\" srcset=\"http:\/\/www.valaskirjat.fi\/wp-content\/uploads\/2024\/08\/Nayttokuva-2024-08-28-kello-11.44.42-715x1024.png 715w, http:\/\/www.valaskirjat.fi\/wp-content\/uploads\/2024\/08\/Nayttokuva-2024-08-28-kello-11.44.42-209x300.png 209w, http:\/\/www.valaskirjat.fi\/wp-content\/uploads\/2024\/08\/Nayttokuva-2024-08-28-kello-11.44.42-768x1101.png 768w, http:\/\/www.valaskirjat.fi\/wp-content\/uploads\/2024\/08\/Nayttokuva-2024-08-28-kello-11.44.42.png 776w\" sizes=\"(max-width: 715px) 100vw, 715px\" \/><\/figure>\n\n\n\n<figure class=\"wp-block-image size-large\"><a href=\"https:\/\/www.valaskirjat.fi\/index.php\/juho-jupiter-juusola\/\"><img loading=\"lazy\" decoding=\"async\" width=\"725\" height=\"1024\" src=\"https:\/\/www.valaskirjat.fi\/wp-content\/uploads\/2024\/08\/Nayttokuva-2024-08-28-kello-11.46.24-725x1024.png\" alt=\"\" class=\"wp-image-19\" srcset=\"http:\/\/www.valaskirjat.fi\/wp-content\/uploads\/2024\/08\/Nayttokuva-2024-08-28-kello-11.46.24-725x1024.png 725w, http:\/\/www.valaskirjat.fi\/wp-content\/uploads\/2024\/08\/Nayttokuva-2024-08-28-kello-11.46.24-212x300.png 212w, http:\/\/www.valaskirjat.fi\/wp-content\/uploads\/2024\/08\/Nayttokuva-2024-08-28-kello-11.46.24-768x1085.png 768w, http:\/\/www.valaskirjat.fi\/wp-content\/uploads\/2024\/08\/Nayttokuva-2024-08-28-kello-11.46.24.png 842w\" sizes=\"(max-width: 725px) 100vw, 725px\" \/><\/a><\/figure>\n\n\n\n<figure class=\"wp-block-image size-large\"><img loading=\"lazy\" decoding=\"async\" width=\"713\" height=\"1024\" src=\"https:\/\/www.valaskirjat.fi\/wp-content\/uploads\/2024\/08\/Nayttokuva-2024-08-28-kello-14.26.25-713x1024.png\" alt=\"\" class=\"wp-image-56\" srcset=\"http:\/\/www.valaskirjat.fi\/wp-content\/uploads\/2024\/08\/Nayttokuva-2024-08-28-kello-14.26.25-713x1024.png 713w, http:\/\/www.valaskirjat.fi\/wp-content\/uploads\/2024\/08\/Nayttokuva-2024-08-28-kello-14.26.25-209x300.png 209w, http:\/\/www.valaskirjat.fi\/wp-content\/uploads\/2024\/08\/Nayttokuva-2024-08-28-kello-14.26.25-768x1102.png 768w, http:\/\/www.valaskirjat.fi\/wp-content\/uploads\/2024\/08\/Nayttokuva-2024-08-28-kello-14.26.25.png 772w\" sizes=\"(max-width: 713px) 100vw, 713px\" \/><\/figure>\n\n\n\n<figure class=\"wp-block-image size-large\"><img loading=\"lazy\" decoding=\"async\" width=\"666\" height=\"1024\" src=\"https:\/\/www.valaskirjat.fi\/wp-content\/uploads\/2024\/08\/Nayttokuva-2024-08-28-kello-14.25.48-666x1024.png\" alt=\"\" class=\"wp-image-57\" srcset=\"http:\/\/www.valaskirjat.fi\/wp-content\/uploads\/2024\/08\/Nayttokuva-2024-08-28-kello-14.25.48-666x1024.png 666w, http:\/\/www.valaskirjat.fi\/wp-content\/uploads\/2024\/08\/Nayttokuva-2024-08-28-kello-14.25.48-195x300.png 195w, http:\/\/www.valaskirjat.fi\/wp-content\/uploads\/2024\/08\/Nayttokuva-2024-08-28-kello-14.25.48-768x1181.png 768w, http:\/\/www.valaskirjat.fi\/wp-content\/uploads\/2024\/08\/Nayttokuva-2024-08-28-kello-14.25.48.png 770w\" sizes=\"(max-width: 666px) 100vw, 666px\" \/><\/figure>\n\n\n\n<figure class=\"wp-block-image size-large\"><img loading=\"lazy\" decoding=\"async\" width=\"699\" height=\"1024\" src=\"https:\/\/www.valaskirjat.fi\/wp-content\/uploads\/2024\/08\/Nayttokuva-2024-08-28-kello-12.26.15-699x1024.png\" alt=\"\" class=\"wp-image-39\" srcset=\"http:\/\/www.valaskirjat.fi\/wp-content\/uploads\/2024\/08\/Nayttokuva-2024-08-28-kello-12.26.15-699x1024.png 699w, http:\/\/www.valaskirjat.fi\/wp-content\/uploads\/2024\/08\/Nayttokuva-2024-08-28-kello-12.26.15-205x300.png 205w, http:\/\/www.valaskirjat.fi\/wp-content\/uploads\/2024\/08\/Nayttokuva-2024-08-28-kello-12.26.15.png 744w\" sizes=\"(max-width: 699px) 100vw, 699px\" \/><\/figure>\n\n\n\n<figure class=\"wp-block-image size-large\"><img loading=\"lazy\" decoding=\"async\" width=\"730\" height=\"1024\" src=\"https:\/\/www.valaskirjat.fi\/wp-content\/uploads\/2024\/08\/Nayttokuva-2024-08-28-kello-14.17.33-730x1024.png\" alt=\"\" class=\"wp-image-50\" srcset=\"http:\/\/www.valaskirjat.fi\/wp-content\/uploads\/2024\/08\/Nayttokuva-2024-08-28-kello-14.17.33-730x1024.png 730w, http:\/\/www.valaskirjat.fi\/wp-content\/uploads\/2024\/08\/Nayttokuva-2024-08-28-kello-14.17.33-214x300.png 214w, http:\/\/www.valaskirjat.fi\/wp-content\/uploads\/2024\/08\/Nayttokuva-2024-08-28-kello-14.17.33.png 758w\" sizes=\"(max-width: 730px) 100vw, 730px\" \/><\/figure>\n\n\n\n<figure class=\"wp-block-image size-large\"><img loading=\"lazy\" decoding=\"async\" width=\"649\" height=\"1024\" src=\"https:\/\/www.valaskirjat.fi\/wp-content\/uploads\/2024\/08\/Nayttokuva-2024-08-28-kello-14.18.42-649x1024.png\" alt=\"\" class=\"wp-image-51\" srcset=\"http:\/\/www.valaskirjat.fi\/wp-content\/uploads\/2024\/08\/Nayttokuva-2024-08-28-kello-14.18.42-649x1024.png 649w, http:\/\/www.valaskirjat.fi\/wp-content\/uploads\/2024\/08\/Nayttokuva-2024-08-28-kello-14.18.42-190x300.png 190w, http:\/\/www.valaskirjat.fi\/wp-content\/uploads\/2024\/08\/Nayttokuva-2024-08-28-kello-14.18.42-768x1211.png 768w, http:\/\/www.valaskirjat.fi\/wp-content\/uploads\/2024\/08\/Nayttokuva-2024-08-28-kello-14.18.42.png 860w\" sizes=\"(max-width: 649px) 100vw, 649px\" \/><\/figure>\n\n\n\n<figure class=\"wp-block-image size-large\"><img loading=\"lazy\" decoding=\"async\" width=\"725\" height=\"1024\" src=\"https:\/\/www.valaskirjat.fi\/wp-content\/uploads\/2024\/08\/Nayttokuva-2024-08-28-kello-14.20.04-725x1024.png\" alt=\"\" class=\"wp-image-52\" srcset=\"http:\/\/www.valaskirjat.fi\/wp-content\/uploads\/2024\/08\/Nayttokuva-2024-08-28-kello-14.20.04-725x1024.png 725w, http:\/\/www.valaskirjat.fi\/wp-content\/uploads\/2024\/08\/Nayttokuva-2024-08-28-kello-14.20.04-212x300.png 212w, http:\/\/www.valaskirjat.fi\/wp-content\/uploads\/2024\/08\/Nayttokuva-2024-08-28-kello-14.20.04-768x1085.png 768w, http:\/\/www.valaskirjat.fi\/wp-content\/uploads\/2024\/08\/Nayttokuva-2024-08-28-kello-14.20.04.png 842w\" sizes=\"(max-width: 725px) 100vw, 725px\" \/><\/figure>\n\n\n\n<figure class=\"wp-block-image size-large\"><img loading=\"lazy\" decoding=\"async\" width=\"994\" height=\"864\" src=\"https:\/\/www.valaskirjat.fi\/wp-content\/uploads\/2024\/08\/Nayttokuva-2024-08-28-kello-14.20.26.png\" alt=\"\" class=\"wp-image-53\" srcset=\"http:\/\/www.valaskirjat.fi\/wp-content\/uploads\/2024\/08\/Nayttokuva-2024-08-28-kello-14.20.26.png 994w, http:\/\/www.valaskirjat.fi\/wp-content\/uploads\/2024\/08\/Nayttokuva-2024-08-28-kello-14.20.26-300x261.png 300w, http:\/\/www.valaskirjat.fi\/wp-content\/uploads\/2024\/08\/Nayttokuva-2024-08-28-kello-14.20.26-768x668.png 768w, http:\/\/www.valaskirjat.fi\/wp-content\/uploads\/2024\/08\/Nayttokuva-2024-08-28-kello-14.20.26-920x800.png 920w\" sizes=\"(max-width: 994px) 100vw, 994px\" \/><\/figure>\n\n\n\n<figure class=\"wp-block-image size-large\"><img loading=\"lazy\" decoding=\"async\" width=\"734\" height=\"1024\" src=\"https:\/\/www.valaskirjat.fi\/wp-content\/uploads\/2024\/08\/Nayttokuva-2024-08-28-kello-14.21.10-734x1024.png\" alt=\"\" class=\"wp-image-54\" srcset=\"http:\/\/www.valaskirjat.fi\/wp-content\/uploads\/2024\/08\/Nayttokuva-2024-08-28-kello-14.21.10-734x1024.png 734w, http:\/\/www.valaskirjat.fi\/wp-content\/uploads\/2024\/08\/Nayttokuva-2024-08-28-kello-14.21.10-215x300.png 215w, http:\/\/www.valaskirjat.fi\/wp-content\/uploads\/2024\/08\/Nayttokuva-2024-08-28-kello-14.21.10-768x1072.png 768w, http:\/\/www.valaskirjat.fi\/wp-content\/uploads\/2024\/08\/Nayttokuva-2024-08-28-kello-14.21.10.png 910w\" sizes=\"(max-width: 734px) 100vw, 734px\" \/><\/figure>\n\n\n\n<figure class=\"wp-block-image size-large\"><img loading=\"lazy\" decoding=\"async\" width=\"502\" height=\"716\" src=\"https:\/\/www.valaskirjat.fi\/wp-content\/uploads\/2024\/08\/Nayttokuva-2024-08-28-kello-14.14.07.png\" alt=\"\" class=\"wp-image-48\" srcset=\"http:\/\/www.valaskirjat.fi\/wp-content\/uploads\/2024\/08\/Nayttokuva-2024-08-28-kello-14.14.07.png 502w, http:\/\/www.valaskirjat.fi\/wp-content\/uploads\/2024\/08\/Nayttokuva-2024-08-28-kello-14.14.07-210x300.png 210w\" sizes=\"(max-width: 502px) 100vw, 502px\" \/><\/figure>\n\n\n\n<figure class=\"wp-block-image size-large\"><a href=\"https:\/\/www.valaskirjat.fi\/index.php\/jaapeilin-vanki\/\"><img loading=\"lazy\" decoding=\"async\" width=\"718\" height=\"1024\" src=\"https:\/\/www.valaskirjat.fi\/wp-content\/uploads\/2024\/08\/Nayttokuva-2024-08-28-kello-14.14.47-718x1024.png\" alt=\"\" class=\"wp-image-49\" srcset=\"http:\/\/www.valaskirjat.fi\/wp-content\/uploads\/2024\/08\/Nayttokuva-2024-08-28-kello-14.14.47-718x1024.png 718w, http:\/\/www.valaskirjat.fi\/wp-content\/uploads\/2024\/08\/Nayttokuva-2024-08-28-kello-14.14.47-210x300.png 210w, http:\/\/www.valaskirjat.fi\/wp-content\/uploads\/2024\/08\/Nayttokuva-2024-08-28-kello-14.14.47-768x1095.png 768w, http:\/\/www.valaskirjat.fi\/wp-content\/uploads\/2024\/08\/Nayttokuva-2024-08-28-kello-14.14.47.png 840w\" sizes=\"(max-width: 718px) 100vw, 718px\" \/><\/a><\/figure>\n\n\n\n<figure class=\"wp-block-image size-large\"><img loading=\"lazy\" decoding=\"async\" width=\"416\" height=\"588\" src=\"https:\/\/www.valaskirjat.fi\/wp-content\/uploads\/2024\/08\/Nayttokuva-2024-08-28-kello-14.21.27.png\" alt=\"\" class=\"wp-image-55\" srcset=\"http:\/\/www.valaskirjat.fi\/wp-content\/uploads\/2024\/08\/Nayttokuva-2024-08-28-kello-14.21.27.png 416w, http:\/\/www.valaskirjat.fi\/wp-content\/uploads\/2024\/08\/Nayttokuva-2024-08-28-kello-14.21.27-212x300.png 212w\" sizes=\"(max-width: 416px) 100vw, 416px\" \/><\/figure>\n\n\n\n<figure class=\"wp-block-image size-large\"><img loading=\"lazy\" decoding=\"async\" width=\"720\" height=\"1014\" src=\"https:\/\/www.valaskirjat.fi\/wp-content\/uploads\/2024\/08\/Nayttokuva-2024-08-28-kello-14.21.42.png\" alt=\"\" class=\"wp-image-47\" srcset=\"http:\/\/www.valaskirjat.fi\/wp-content\/uploads\/2024\/08\/Nayttokuva-2024-08-28-kello-14.21.42.png 720w, http:\/\/www.valaskirjat.fi\/wp-content\/uploads\/2024\/08\/Nayttokuva-2024-08-28-kello-14.21.42-213x300.png 213w\" sizes=\"(max-width: 720px) 100vw, 720px\" \/><\/figure>\n<\/figure>\n<\/div><\/div>\n","protected":false},"excerpt":{"rendered":"<p>VaLas-kollektiivilta ilmestyneet kirjat, uusin ensimm\u00e4isen\u00e4. P\u00e4\u00e4set teoksen esittelyyn napauttamalla kuvaa.<\/p>\n","protected":false},"author":1,"featured_media":0,"parent":0,"menu_order":0,"comment_status":"closed","ping_status":"closed","template":"","meta":{"footnotes":""},"class_list":["post-15","page","type-page","status-publish","hentry"],"_links":{"self":[{"href":"http:\/\/www.valaskirjat.fi\/index.php\/wp-json\/wp\/v2\/pages\/15"}],"collection":[{"href":"http:\/\/www.valaskirjat.fi\/index.php\/wp-json\/wp\/v2\/pages"}],"about":[{"href":"http:\/\/www.valaskirjat.fi\/index.php\/wp-json\/wp\/v2\/types\/page"}],"author":[{"embeddable":true,"href":"http:\/\/www.valaskirjat.fi\/index.php\/wp-json\/wp\/v2\/users\/1"}],"replies":[{"embeddable":true,"href":"http:\/\/www.valaskirjat.fi\/index.php\/wp-json\/wp\/v2\/comments?post=15"}],"version-history":[{"count":20,"href":"http:\/\/www.valaskirjat.fi\/index.php\/wp-json\/wp\/v2\/pages\/15\/revisions"}],"predecessor-version":[{"id":214,"href":"http:\/\/www.valaskirjat.fi\/index.php\/wp-json\/wp\/v2\/pages\/15\/revisions\/214"}],"wp:attachment":[{"href":"http:\/\/www.valaskirjat.fi\/index.php\/wp-json\/wp\/v2\/media?parent=15"}],"curies":[{"name":"wp","href":"https:\/\/api.w.org\/{rel}","templated":true}]}}