{"id":25,"date":"2024-08-28T08:56:30","date_gmt":"2024-08-28T08:56:30","guid":{"rendered":"https:\/\/www.valaskirjat.fi\/?page_id=25"},"modified":"2025-05-20T09:44:31","modified_gmt":"2025-05-20T09:44:31","slug":"mika-on-valas","status":"publish","type":"page","link":"http:\/\/www.valaskirjat.fi\/index.php\/mika-on-valas\/","title":{"rendered":"Mik\u00e4 on VaLas?"},"content":{"rendered":"\n<p>Kirjan julkaiseminen on murroksessa ja uusia toimintamalleja etsit\u00e4\u00e4n. Joukko suomalaisia lasten- ja nuortenkirjailijoita on perustanut kollektiivin nimelt\u00e4 VaLas (= Vapaat lasten- ja nuortenkirjailijat). Kollektiivin j\u00e4senet&nbsp;tuottavat&nbsp;lasten- ja nuortenkirjoja yhteisen VaLas-sateenvarjon suojissa. Valmiit VaLas-kirjat julkaistaan eri kustantamoiden kautta.<\/p>\n\n\n\n<p>J\u00e4senet: Sari Peltoniemi (perustajamme), Hannu Hirvonen, Raili Mikkanen, Esko-Pekka Tiitinen, Anne Leinonen, Katri Tapola, P\u00e4ivi Lukkarila,&nbsp;Niina Hakalahti, Mervi Heikkil\u00e4, Anu Holopainen, Hannele Huovi, Markku Karpio, Markku Kaskela, Eija Lappalainen, Kirsi Pehkonen, Sisko Latvus, Katariina Romppainen, Mimmu Tihinen ja Marja-Leena Tiainen, Antti Tammela (kunniaj\u00e4sen).<\/p>\n\n\n\n<p><strong>Minustako j\u00e4sen?<\/strong><\/p>\n\n\n\n<p>VaLas-kirjailijat ovat lasten- ja nuortenkirjailijoina ammattilaisia, jotka kommentoivat ja kustannustoimittavat toistensa k\u00e4sikirjoituksia. Siksi edellyt\u00e4mme j\u00e4senilt\u00e4mme vankkaa osaamista kohdekirjallisuudesta. J\u00e4senhakemukset k\u00e4sitell\u00e4\u00e4n kollektiivisesti. Olemme tuottamo, eli tuotamme kirjat yhdess\u00e4. Jokainen j\u00e4senist\u00e4mme etsii itse kirjalleen julkaisukanavan, oli se sitten pienkustantamo tai kirjailijan itsens\u00e4 omistama kustantamo.<\/p>\n","protected":false},"excerpt":{"rendered":"<p>Kirjan julkaiseminen on murroksessa ja uusia toimintamalleja etsit\u00e4\u00e4n. Joukko suomalaisia lasten- ja nuortenkirjailijoita on perustanut&#8230;<\/p>\n","protected":false},"author":1,"featured_media":0,"parent":0,"menu_order":0,"comment_status":"closed","ping_status":"closed","template":"","meta":{"footnotes":""},"class_list":["post-25","page","type-page","status-publish","hentry"],"_links":{"self":[{"href":"http:\/\/www.valaskirjat.fi\/index.php\/wp-json\/wp\/v2\/pages\/25"}],"collection":[{"href":"http:\/\/www.valaskirjat.fi\/index.php\/wp-json\/wp\/v2\/pages"}],"about":[{"href":"http:\/\/www.valaskirjat.fi\/index.php\/wp-json\/wp\/v2\/types\/page"}],"author":[{"embeddable":true,"href":"http:\/\/www.valaskirjat.fi\/index.php\/wp-json\/wp\/v2\/users\/1"}],"replies":[{"embeddable":true,"href":"http:\/\/www.valaskirjat.fi\/index.php\/wp-json\/wp\/v2\/comments?post=25"}],"version-history":[{"count":4,"href":"http:\/\/www.valaskirjat.fi\/index.php\/wp-json\/wp\/v2\/pages\/25\/revisions"}],"predecessor-version":[{"id":196,"href":"http:\/\/www.valaskirjat.fi\/index.php\/wp-json\/wp\/v2\/pages\/25\/revisions\/196"}],"wp:attachment":[{"href":"http:\/\/www.valaskirjat.fi\/index.php\/wp-json\/wp\/v2\/media?parent=25"}],"curies":[{"name":"wp","href":"https:\/\/api.w.org\/{rel}","templated":true}]}}