{"id":86,"date":"2024-08-29T05:05:18","date_gmt":"2024-08-29T05:05:18","guid":{"rendered":"https:\/\/www.valaskirjat.fi\/?page_id=86"},"modified":"2026-04-10T14:44:48","modified_gmt":"2026-04-10T14:44:48","slug":"kirjailijat","status":"publish","type":"page","link":"http:\/\/www.valaskirjat.fi\/index.php\/kirjailijat\/","title":{"rendered":"Kirjailijat"},"content":{"rendered":"\n<p>T\u00e4h\u00e4n tulee kirjailijaesittelyjen linkit.<\/p>\n\n\n\n<p>Niina Hakalahti<br>Mervi Heikkil\u00e4<br><a href=\"https:\/\/www.valaskirjat.fi\/index.php\/hannu-hirvonen\/\">Hannu Hirvonen<\/a><br>Anu Holopainen<br>Hannele Huovi<br>Markku Karpio<br>Markku Kaskela<br>Eija Lappalainen<br><a href=\"https:\/\/www.valaskirjat.fi\/index.php\/sisko-latvus\/\">Sisko Latvus<\/a><br><a href=\"https:\/\/www.valaskirjat.fi\/index.php\/anne-leinonen\/\">Anne Leinonen<\/a><br><a href=\"https:\/\/www.valaskirjat.fi\/index.php\/paivi-lukkarila\/\">P\u00e4ivi Lukkarila<\/a><br>Titta-Mari Marttinen<br>Raili Mikkanen<br>Kirsi Pehkonen<br>Sari Peltoniemi<br><a href=\"https:\/\/www.valaskirjat.fi\/index.php\/katariina-romppainen\/\">Katariina Romppainen<\/a><br>Katri Tapola<br>Antti Tammela<br>Marja-Leena Tiainen<br>Mimmu Tihinen<br><a href=\"https:\/\/www.valaskirjat.fi\/index.php\/esko-pekka-tiitinen\/\">Esko-Pekka Tiitinen<\/a><\/p>\n","protected":false},"excerpt":{"rendered":"<p>T\u00e4h\u00e4n tulee kirjailijaesittelyjen linkit. Niina HakalahtiMervi Heikkil\u00e4Hannu HirvonenAnu HolopainenHannele HuoviMarkku KarpioMarkku KaskelaEija LappalainenSisko LatvusAnne LeinonenP\u00e4ivi&#8230;<\/p>\n","protected":false},"author":1,"featured_media":0,"parent":0,"menu_order":0,"comment_status":"closed","ping_status":"closed","template":"","meta":{"footnotes":""},"class_list":["post-86","page","type-page","status-publish","hentry"],"_links":{"self":[{"href":"http:\/\/www.valaskirjat.fi\/index.php\/wp-json\/wp\/v2\/pages\/86"}],"collection":[{"href":"http:\/\/www.valaskirjat.fi\/index.php\/wp-json\/wp\/v2\/pages"}],"about":[{"href":"http:\/\/www.valaskirjat.fi\/index.php\/wp-json\/wp\/v2\/types\/page"}],"author":[{"embeddable":true,"href":"http:\/\/www.valaskirjat.fi\/index.php\/wp-json\/wp\/v2\/users\/1"}],"replies":[{"embeddable":true,"href":"http:\/\/www.valaskirjat.fi\/index.php\/wp-json\/wp\/v2\/comments?post=86"}],"version-history":[{"count":11,"href":"http:\/\/www.valaskirjat.fi\/index.php\/wp-json\/wp\/v2\/pages\/86\/revisions"}],"predecessor-version":[{"id":210,"href":"http:\/\/www.valaskirjat.fi\/index.php\/wp-json\/wp\/v2\/pages\/86\/revisions\/210"}],"wp:attachment":[{"href":"http:\/\/www.valaskirjat.fi\/index.php\/wp-json\/wp\/v2\/media?parent=86"}],"curies":[{"name":"wp","href":"https:\/\/api.w.org\/{rel}","templated":true}]}}