{"id":105,"date":"2024-10-08T08:32:48","date_gmt":"2024-10-08T08:32:48","guid":{"rendered":"https:\/\/www.valaskirjat.fi\/?page_id=105"},"modified":"2024-10-10T06:24:30","modified_gmt":"2024-10-10T06:24:30","slug":"vahna-paha","status":"publish","type":"page","link":"https:\/\/www.valaskirjat.fi\/index.php\/vahna-paha\/","title":{"rendered":"Vahna paha!"},"content":{"rendered":"<div class=\"wp-block-image\">\n<figure class=\"alignright size-large is-resized\"><img loading=\"lazy\" decoding=\"async\" width=\"727\" height=\"1024\" src=\"http:\/\/www.valaskirjat.fi\/wp-content\/uploads\/2024\/08\/Nayttokuva-2024-08-28-kello-12.25.57-727x1024.png\" alt=\"\" class=\"wp-image-41\" style=\"width:273px;height:auto\" srcset=\"https:\/\/www.valaskirjat.fi\/wp-content\/uploads\/2024\/08\/Nayttokuva-2024-08-28-kello-12.25.57-727x1024.png 727w, https:\/\/www.valaskirjat.fi\/wp-content\/uploads\/2024\/08\/Nayttokuva-2024-08-28-kello-12.25.57-213x300.png 213w, https:\/\/www.valaskirjat.fi\/wp-content\/uploads\/2024\/08\/Nayttokuva-2024-08-28-kello-12.25.57-768x1082.png 768w, https:\/\/www.valaskirjat.fi\/wp-content\/uploads\/2024\/08\/Nayttokuva-2024-08-28-kello-12.25.57-920x1296.png 920w, https:\/\/www.valaskirjat.fi\/wp-content\/uploads\/2024\/08\/Nayttokuva-2024-08-28-kello-12.25.57.png 974w\" sizes=\"(max-width: 727px) 100vw, 727px\" \/><figcaption class=\"wp-element-caption\">2022<\/figcaption><\/figure><\/div>\n\n\n<p><strong>Vahna paha! <\/strong>Teksti Hannu Hirvonen, kuvitus Johanna Taskinen ja Aki Nyyss\u00f6nen,<br>VaLas, Sarvet 2022.<\/p>\n\n\n\n<p><br>Herra Rontti on Yhdistyneiden Kiusankuntien pahanmielenl\u00e4hettil\u00e4s. Trollaus ja pikkuharmien j\u00e4rkestely ovat herra Rontin ty\u00f6 ja intohimo. Sitten taloon muuttaa Normistojen lapsiperhe ja Rontin kitker\u00e4n katkera el\u00e4m\u00e4 suistuu raiteiltaan.<\/p>\n\n\n\n<p><br>Vahna paha! on kertomus tahtomattamaan sympaattisesta pahantekij\u00e4st\u00e4, samalle hiekkalaatikolle sattuvasta pikkupoika Samusta ja h\u00e4nen isosiskostaan Sirkusta, josta kasvaa tarinan salainen sankari.<\/p>\n\n\n\n<p>Hannu Hirvosen hauskaa ja j\u00e4nnitt\u00e4v\u00e4\u00e4 tarinaa tahdittaa Johanna Taskisen ja Aki<br>Nyyss\u00f6sen v\u00e4rik\u00e4s kuvitus.<br><\/p>\n\n\n\n<p>Saatavana tilaamalla suoraan tekij\u00e4lt\u00e4 h.hirvonen2(at)luukku.com 20 euroa, sis.<br>postituskulut, joistain kirjakaupoista sek\u00e4 e-kirjana eri kanavista Saga Egmontin<br>kustantamana.<\/p>\n\n\n\n<p><strong>Vahna paha! arvioita:<\/strong><\/p>\n\n\n\n<p><br>Ironian ymm\u00e4rt\u00e4minen on vaikea taito, mutta sit\u00e4olisi nyt lapsille tarjolla<br>herkkulautasella\u2026Teos on hauska ja osuva aikuiseenkin makuun\u2026Vahna<br>paha!\u2026naureskelee onnistuneesti ilkeilyyn erikoistuneiden ihmisten kustannuksella<br>ironian ja liioittelun keinoin.<br>(Mari Viertola, Turun Sanomat 21.11.2022)<\/p>\n\n\n\n<p><br>VaLas-kollektiivin yhteisen tuen avulla ilmestynyt syksyn uutuus Vahna paha! on<br>asetelmiltaan anarkistinen lastenromaani.<br>Sen asetelmat ovat toki tuttuakin tutummat monista lastenki lastenkirjoista, joissa<br>aikuisten ynseys ja tosikkous rinnastetaan lapsen kaikkivoipaisuuteen ja<br>avarakatseisuuteen.<br>(P\u00e4ivi Heikkil\u00e4-Halttula, Lastenkirjahylly -blogi 30.11.2022)<\/p>\n","protected":false},"excerpt":{"rendered":"<p>Vahna paha! Teksti Hannu Hirvonen, kuvitus Johanna Taskinen ja Aki Nyyss\u00f6nen,VaLas, Sarvet 2022. Herra Rontti&#8230;<\/p>\n","protected":false},"author":1,"featured_media":0,"parent":0,"menu_order":0,"comment_status":"closed","ping_status":"closed","template":"","meta":{"footnotes":""},"class_list":["post-105","page","type-page","status-publish","hentry"],"_links":{"self":[{"href":"https:\/\/www.valaskirjat.fi\/index.php\/wp-json\/wp\/v2\/pages\/105"}],"collection":[{"href":"https:\/\/www.valaskirjat.fi\/index.php\/wp-json\/wp\/v2\/pages"}],"about":[{"href":"https:\/\/www.valaskirjat.fi\/index.php\/wp-json\/wp\/v2\/types\/page"}],"author":[{"embeddable":true,"href":"https:\/\/www.valaskirjat.fi\/index.php\/wp-json\/wp\/v2\/users\/1"}],"replies":[{"embeddable":true,"href":"https:\/\/www.valaskirjat.fi\/index.php\/wp-json\/wp\/v2\/comments?post=105"}],"version-history":[{"count":3,"href":"https:\/\/www.valaskirjat.fi\/index.php\/wp-json\/wp\/v2\/pages\/105\/revisions"}],"predecessor-version":[{"id":132,"href":"https:\/\/www.valaskirjat.fi\/index.php\/wp-json\/wp\/v2\/pages\/105\/revisions\/132"}],"wp:attachment":[{"href":"https:\/\/www.valaskirjat.fi\/index.php\/wp-json\/wp\/v2\/media?parent=105"}],"curies":[{"name":"wp","href":"https:\/\/api.w.org\/{rel}","templated":true}]}}