{"id":109,"date":"2024-10-08T08:35:30","date_gmt":"2024-10-08T08:35:30","guid":{"rendered":"https:\/\/www.valaskirjat.fi\/?page_id=109"},"modified":"2024-10-10T06:28:08","modified_gmt":"2024-10-10T06:28:08","slug":"jaapeilin-vanki","status":"publish","type":"page","link":"https:\/\/www.valaskirjat.fi\/index.php\/jaapeilin-vanki\/","title":{"rendered":"J\u00e4\u00e4peilin vanki"},"content":{"rendered":"<div class=\"wp-block-image\">\n<figure class=\"alignright size-large is-resized\"><img loading=\"lazy\" decoding=\"async\" width=\"718\" height=\"1024\" src=\"http:\/\/www.valaskirjat.fi\/wp-content\/uploads\/2024\/08\/Nayttokuva-2024-08-28-kello-14.14.47-718x1024.png\" alt=\"\" class=\"wp-image-49\" style=\"width:320px;height:auto\" srcset=\"https:\/\/www.valaskirjat.fi\/wp-content\/uploads\/2024\/08\/Nayttokuva-2024-08-28-kello-14.14.47-718x1024.png 718w, https:\/\/www.valaskirjat.fi\/wp-content\/uploads\/2024\/08\/Nayttokuva-2024-08-28-kello-14.14.47-210x300.png 210w, https:\/\/www.valaskirjat.fi\/wp-content\/uploads\/2024\/08\/Nayttokuva-2024-08-28-kello-14.14.47-768x1095.png 768w, https:\/\/www.valaskirjat.fi\/wp-content\/uploads\/2024\/08\/Nayttokuva-2024-08-28-kello-14.14.47.png 840w\" sizes=\"(max-width: 718px) 100vw, 718px\" \/><\/figure><\/div>\n\n\n<p><em><strong>J\u00e4\u00e4peilin vanki<\/strong><\/em>, kirjoittanut Hannu Hirvonen, kuvittanut Johanna Taskinen, VaLas, BoD 2020.<\/p>\n\n\n\n<p><br>J\u00e4\u00e4peilin vanki on fantasiakertomus lapsille. Johanna Taskisen kiehtova kuvitus kiritt\u00e4\u00e4 Hannu Hirvosen tarinan kohti yll\u00e4tt\u00e4v\u00e4\u00e4 loppuhuipennusta.<\/p>\n\n\n\n<p>Saatavana <a href=\"https:\/\/kirjakauppa.bod.fi\/jaeaepeilin-vanki-hannu-hirvonen-9789528034810\" data-type=\"link\" data-id=\"https:\/\/kirjakauppa.bod.fi\/jaeaepeilin-vanki-hannu-hirvonen-9789528034810\">BoD-nettikirjakaupasta <\/a>hintaan 14,90 euroa, E-kirja 8,99 euroa. Kysele my\u00f6s kotoisista kirjakaupoistamme.<\/p>\n\n\n\n<p><strong>J\u00e4\u00e4peilin vanki -arvioita:<\/strong><\/p>\n\n\n\n<p><br>Nimenomaan rohkea nonsense-elementtien hy\u00f6dynt\u00e4minen tekee J\u00e4\u00e4peilin vangista<br>erityisen mieleenj\u00e4\u00e4v\u00e4n lukuel\u00e4myksen.(\u2026)<br>Taskisen mustavalkoinen, \u00e4\u00e4riviivoiltaan jykev\u00e4 kuvitus levitt\u00e4ytyy poikkeuksetta koko<br>sivulle. (\u2026)<br>Taitto on rivitykselt\u00e4\u00e4n miellytt\u00e4v\u00e4n v\u00e4lj\u00e4\u00e4 ja kappaleiden v\u00e4liin on j\u00e4tetty tilaa. Siksi<br>J\u00e4\u00e4pelin vanki sopiikin hyvin hiljattain sujuvan lukutaidon omaksuneen lapsen itse<br>lukemaksi.<br>(P\u00e4ivi Heikkil\u00e4-Halttula, Lastenkirjahylly -blogi 7.10.2020)<\/p>\n\n\n\n<p>Hirvonen on aiemminkin loihtinut taikaa turkulaisille tuttuihin paikkoihin lapsia varten.<br>Nyt talvisen valkoinen maisema muodostaa luonnollisen portin toiseen maailmaan,<br>r\u00f6yhke\u00e4n rupisammakon hoviin. (\u2026)Juonen tasolla tarinasta l\u00f6ytyy paljonkin vaikutteita<br>parhaasta mahdollisesta satuklassikosta (\u2026) mist\u00e4\u00e4n kopiomatkasta ei suinkaan ole<br>kyse. (\u2026) Kuvittaja Johanna Taskinen k\u00e4ytt\u00e4\u00e4 rohkeasti mustaa v\u00e4ri\u00e4, mik\u00e4 vahvistaa<br>tunnelmaa entisest\u00e4\u00e4n.<br>(Mari Viertola, Turun Sanomat 25.1.2021)<\/p>\n\n\n\n<p>Kukaan ei selvi\u00e4 kaikesta yksin, ja kaikki ovat arvokkaita, eiv\u00e4tk\u00e4 suurimmat rikkaudet<br>ole rahassa mitattavissa. N\u00e4in voisi tiivist\u00e4\u00e4 t\u00e4m\u00e4n mielikuvitusta ruokkivan ja<br>kielellisesti v\u00e4rikk\u00e4\u00e4n fantasiakertomuksen syv\u00e4llisen sanoman\u2026 Kirjaa voi suositella<br>etenkin vilkkaan mielikuvituksen omaaville ja seikkailunn\u00e4lk\u00e4isille lapsille.<br>(Satu J\u00e4rvinen, Kirjat kertovat -blogi 18.10.2020)<\/p>\n\n\n\n<p>Hannu Hirvosen kirjoittama ja Johanna Taskisen kuvittama J\u00e4\u00e4peilin vanki hurmaavan<br>kylm\u00e4\u00e4v\u00e4 fantasiakertomuslapsille.(\u2026)<br>Tekstin lomassa kulkee viehke\u00e4 mustavalkoinen kuvitus, jonka yksityiskohtiin on pakko<br>pys\u00e4hty\u00e4.<br>(Anna Kaija, www.indieklubi.fi 29.3.2020:)<\/p>\n","protected":false},"excerpt":{"rendered":"<p>J\u00e4\u00e4peilin vanki, kirjoittanut Hannu Hirvonen, kuvittanut Johanna Taskinen, VaLas, BoD 2020. J\u00e4\u00e4peilin vanki on fantasiakertomus&#8230;<\/p>\n","protected":false},"author":1,"featured_media":0,"parent":0,"menu_order":0,"comment_status":"closed","ping_status":"closed","template":"","meta":{"footnotes":""},"class_list":["post-109","page","type-page","status-publish","hentry"],"_links":{"self":[{"href":"https:\/\/www.valaskirjat.fi\/index.php\/wp-json\/wp\/v2\/pages\/109"}],"collection":[{"href":"https:\/\/www.valaskirjat.fi\/index.php\/wp-json\/wp\/v2\/pages"}],"about":[{"href":"https:\/\/www.valaskirjat.fi\/index.php\/wp-json\/wp\/v2\/types\/page"}],"author":[{"embeddable":true,"href":"https:\/\/www.valaskirjat.fi\/index.php\/wp-json\/wp\/v2\/users\/1"}],"replies":[{"embeddable":true,"href":"https:\/\/www.valaskirjat.fi\/index.php\/wp-json\/wp\/v2\/comments?post=109"}],"version-history":[{"count":4,"href":"https:\/\/www.valaskirjat.fi\/index.php\/wp-json\/wp\/v2\/pages\/109\/revisions"}],"predecessor-version":[{"id":138,"href":"https:\/\/www.valaskirjat.fi\/index.php\/wp-json\/wp\/v2\/pages\/109\/revisions\/138"}],"wp:attachment":[{"href":"https:\/\/www.valaskirjat.fi\/index.php\/wp-json\/wp\/v2\/media?parent=109"}],"curies":[{"name":"wp","href":"https:\/\/api.w.org\/{rel}","templated":true}]}}