{"id":112,"date":"2024-10-08T08:37:05","date_gmt":"2024-10-08T08:37:05","guid":{"rendered":"https:\/\/www.valaskirjat.fi\/?page_id=112"},"modified":"2024-10-10T06:26:13","modified_gmt":"2024-10-10T06:26:13","slug":"viisisataa-kutiavaa-hammasta","status":"publish","type":"page","link":"https:\/\/www.valaskirjat.fi\/index.php\/viisisataa-kutiavaa-hammasta\/","title":{"rendered":"Viisisataa kutiavaa hammasta"},"content":{"rendered":"<div class=\"wp-block-image\">\n<figure class=\"alignright size-large is-resized\"><img loading=\"lazy\" decoding=\"async\" width=\"734\" height=\"1024\" src=\"http:\/\/www.valaskirjat.fi\/wp-content\/uploads\/2024\/08\/Nayttokuva-2024-08-28-kello-14.21.10-734x1024.png\" alt=\"\" class=\"wp-image-54\" style=\"width:307px;height:auto\" srcset=\"https:\/\/www.valaskirjat.fi\/wp-content\/uploads\/2024\/08\/Nayttokuva-2024-08-28-kello-14.21.10-734x1024.png 734w, https:\/\/www.valaskirjat.fi\/wp-content\/uploads\/2024\/08\/Nayttokuva-2024-08-28-kello-14.21.10-215x300.png 215w, https:\/\/www.valaskirjat.fi\/wp-content\/uploads\/2024\/08\/Nayttokuva-2024-08-28-kello-14.21.10-768x1072.png 768w, https:\/\/www.valaskirjat.fi\/wp-content\/uploads\/2024\/08\/Nayttokuva-2024-08-28-kello-14.21.10.png 910w\" sizes=\"(max-width: 734px) 100vw, 734px\" \/><\/figure><\/div>\n\n\n<p><em><strong>Viisisataa kutiavaa hammasta<\/strong><\/em>, kirjoittanut Hannu Hirvonen, kuvittanut Pia Sakki, ilmaiseksi ladattava e-kirja, VaLas, Niilo M\u00e4ki Instituutti 2020.<\/p>\n\n\n\n<p><br>Krokotiilipoikasille tulee uusia hampaita ja ne kutisevat ihan kamalasti. Silloin on ihan pakko purra jotakin, vaikka karhun h\u00e4nn\u00e4nt\u00f6p\u00f6\u00e4. Tuo saa Murisevan mets\u00e4n el\u00e4m\u00e4n sekaisin. Onnistuuko edes h\u00f6ss\u00f6tt\u00e4v\u00e4 hoivaj\u00e4nis pys\u00e4ytt\u00e4m\u00e4\u00e4n mets\u00e4n v\u00e4ke\u00e4 kiusaavan kutinan ja kiusanteon?<\/p>\n\n\n\n<p><br>Viisisataa kutiavaa hammasta on jatkoa Hannu Hirvosen kirjoittamalle ja Pia Sakin kuvittamalle Murisevassa mets\u00e4ss\u00e4 -sarjalle.<br><\/p>\n\n\n\n<p>Kirjan voi ladata ilmaiseksi t\u00e4\u00e4lt\u00e4:<br><a href=\"https:\/\/koju.nmi.fi\/tuote\/viisisataa-kutiavaa-hammasta\/\">https:\/\/koju.nmi.fi\/tuote\/viisisataa-kutiavaa-hammasta\/<\/a><br><\/p>\n\n\n\n<p><strong>Viisisataa kutiavaa hammasta -arvioita:<\/strong><\/p>\n\n\n\n<p><br>Monikerroksinen, humoristinen tarina sopii erinomaisesti aikuisen ja lapsen yhdess\u00e4<br>luettavaksi. Vaikka kirja on viihdytt\u00e4v\u00e4, siin\u00e4 on paljon opittavaa. Kirjaa voi mainiosti k\u00e4ytt\u00e4\u00e4 my\u00f6s<br>varhaiskasvatuksessa ja alakoulussa.<br>(Kati, Lastenkirjavuosi -blogi 7.5.2020)<\/p>\n\n\n\n<p>T\u00e4rkeit\u00e4 teemoja ovat my\u00f6s kasvaminen ja kehittyminen; erityisesti rakkauden ja<br>rajojen merkitys siin\u00e4. Kirjalla halutaan mielest\u00e4ni korostaa my\u00f6s tarinoiden voimaa.<br>Kirjassa esitetyt pohdintakysymykset ovat Katja Korhosen ja Adrienn Jalosen (NMI)<br>laatimia. Niiss\u00e4 riitt\u00e4\u00e4 mietitt\u00e4v\u00e4\u00e4 vaikka koko perheen yhteisiin opettavaisiin ja<br>oivaltamisen iloa tarjoaviin lukuhetkiin.<br>(Satu J\u00e4rvinen, Kirjat kertovat -blogi 11.5.2020)<\/p>\n","protected":false},"excerpt":{"rendered":"<p>Viisisataa kutiavaa hammasta, kirjoittanut Hannu Hirvonen, kuvittanut Pia Sakki, ilmaiseksi ladattava e-kirja, VaLas, Niilo M\u00e4ki&#8230;<\/p>\n","protected":false},"author":1,"featured_media":0,"parent":0,"menu_order":0,"comment_status":"closed","ping_status":"closed","template":"","meta":{"footnotes":""},"class_list":["post-112","page","type-page","status-publish","hentry"],"_links":{"self":[{"href":"https:\/\/www.valaskirjat.fi\/index.php\/wp-json\/wp\/v2\/pages\/112"}],"collection":[{"href":"https:\/\/www.valaskirjat.fi\/index.php\/wp-json\/wp\/v2\/pages"}],"about":[{"href":"https:\/\/www.valaskirjat.fi\/index.php\/wp-json\/wp\/v2\/types\/page"}],"author":[{"embeddable":true,"href":"https:\/\/www.valaskirjat.fi\/index.php\/wp-json\/wp\/v2\/users\/1"}],"replies":[{"embeddable":true,"href":"https:\/\/www.valaskirjat.fi\/index.php\/wp-json\/wp\/v2\/comments?post=112"}],"version-history":[{"count":3,"href":"https:\/\/www.valaskirjat.fi\/index.php\/wp-json\/wp\/v2\/pages\/112\/revisions"}],"predecessor-version":[{"id":135,"href":"https:\/\/www.valaskirjat.fi\/index.php\/wp-json\/wp\/v2\/pages\/112\/revisions\/135"}],"wp:attachment":[{"href":"https:\/\/www.valaskirjat.fi\/index.php\/wp-json\/wp\/v2\/media?parent=112"}],"curies":[{"name":"wp","href":"https:\/\/api.w.org\/{rel}","templated":true}]}}