{"id":118,"date":"2024-10-10T06:14:18","date_gmt":"2024-10-10T06:14:18","guid":{"rendered":"https:\/\/www.valaskirjat.fi\/?page_id=118"},"modified":"2024-10-10T06:19:42","modified_gmt":"2024-10-10T06:19:42","slug":"sisko-latvus","status":"publish","type":"page","link":"https:\/\/www.valaskirjat.fi\/index.php\/sisko-latvus\/","title":{"rendered":"Sisko Latvus"},"content":{"rendered":"<div class=\"wp-block-image\">\n<figure class=\"alignright size-full\"><img loading=\"lazy\" decoding=\"async\" width=\"273\" height=\"409\" src=\"http:\/\/www.valaskirjat.fi\/wp-content\/uploads\/2024\/10\/Sisko-Porsti-2020.jpg\" alt=\"\" class=\"wp-image-119\" srcset=\"https:\/\/www.valaskirjat.fi\/wp-content\/uploads\/2024\/10\/Sisko-Porsti-2020.jpg 273w, https:\/\/www.valaskirjat.fi\/wp-content\/uploads\/2024\/10\/Sisko-Porsti-2020-200x300.jpg 200w\" sizes=\"(max-width: 273px) 100vw, 273px\" \/><\/figure><\/div>\n\n\n<p>Olen julkaissut vuodesta 1965 alkaen parikymment\u00e4 kirjaa, melkein kaikki lapsille tai nuorille. Sen lis\u00e4ksi olen toimittanut monenlaisia lehti\u00e4 ja opettanut Marseillessa arabivaimoja lukemaan. Lopulta olen p\u00e4\u00e4tynyt kuuden lapsenlapsen mummoksi Helsinkiin. Yksi heist\u00e4, Sara Kronholm, kirjoitti kanssani Valas-kirjan <em>Ihan vege ja parrakas Sulo<\/em>. Kirja l\u00f6ytyy <a href=\"https:\/\/www.valaskirjat.fi\/index.php\/ihan-vege-ja-parrakas-sulo\/\">t\u00e4\u00e4lt\u00e4<\/a>.<\/p>\n\n\n\n<p>S\u00e4hk\u00f6posti: sisko.porsti (at) helsinkinet.fi<\/p>\n\n\n\n<p>Kirjoittelen joskus ajatuksistani sivulle Kirjoja ja mehil\u00e4isi\u00e4, <a href=\"http:\/\/siskolatvus.blogspot.com\">siskolatvus.blogspot.com<\/a><\/p>\n","protected":false},"excerpt":{"rendered":"<p>Olen julkaissut vuodesta 1965 alkaen parikymment\u00e4 kirjaa, melkein kaikki lapsille tai nuorille. Sen lis\u00e4ksi olen&#8230;<\/p>\n","protected":false},"author":1,"featured_media":0,"parent":0,"menu_order":0,"comment_status":"closed","ping_status":"closed","template":"","meta":{"footnotes":""},"class_list":["post-118","page","type-page","status-publish","hentry"],"_links":{"self":[{"href":"https:\/\/www.valaskirjat.fi\/index.php\/wp-json\/wp\/v2\/pages\/118"}],"collection":[{"href":"https:\/\/www.valaskirjat.fi\/index.php\/wp-json\/wp\/v2\/pages"}],"about":[{"href":"https:\/\/www.valaskirjat.fi\/index.php\/wp-json\/wp\/v2\/types\/page"}],"author":[{"embeddable":true,"href":"https:\/\/www.valaskirjat.fi\/index.php\/wp-json\/wp\/v2\/users\/1"}],"replies":[{"embeddable":true,"href":"https:\/\/www.valaskirjat.fi\/index.php\/wp-json\/wp\/v2\/comments?post=118"}],"version-history":[{"count":4,"href":"https:\/\/www.valaskirjat.fi\/index.php\/wp-json\/wp\/v2\/pages\/118\/revisions"}],"predecessor-version":[{"id":128,"href":"https:\/\/www.valaskirjat.fi\/index.php\/wp-json\/wp\/v2\/pages\/118\/revisions\/128"}],"wp:attachment":[{"href":"https:\/\/www.valaskirjat.fi\/index.php\/wp-json\/wp\/v2\/media?parent=118"}],"curies":[{"name":"wp","href":"https:\/\/api.w.org\/{rel}","templated":true}]}}