{"id":125,"date":"2024-10-10T06:18:27","date_gmt":"2024-10-10T06:18:27","guid":{"rendered":"https:\/\/www.valaskirjat.fi\/?page_id=125"},"modified":"2024-10-10T06:19:14","modified_gmt":"2024-10-10T06:19:14","slug":"ihan-vege-ja-parrakas-sulo","status":"publish","type":"page","link":"https:\/\/www.valaskirjat.fi\/index.php\/ihan-vege-ja-parrakas-sulo\/","title":{"rendered":"Ihan vege ja parrakas Sulo"},"content":{"rendered":"<div class=\"wp-block-image\">\n<figure class=\"alignright size-large is-resized\"><img loading=\"lazy\" decoding=\"async\" width=\"666\" height=\"1024\" src=\"http:\/\/www.valaskirjat.fi\/wp-content\/uploads\/2024\/08\/Nayttokuva-2024-08-28-kello-14.25.48-666x1024.png\" alt=\"\" class=\"wp-image-57\" style=\"width:287px;height:auto\" srcset=\"https:\/\/www.valaskirjat.fi\/wp-content\/uploads\/2024\/08\/Nayttokuva-2024-08-28-kello-14.25.48-666x1024.png 666w, https:\/\/www.valaskirjat.fi\/wp-content\/uploads\/2024\/08\/Nayttokuva-2024-08-28-kello-14.25.48-195x300.png 195w, https:\/\/www.valaskirjat.fi\/wp-content\/uploads\/2024\/08\/Nayttokuva-2024-08-28-kello-14.25.48-768x1181.png 768w, https:\/\/www.valaskirjat.fi\/wp-content\/uploads\/2024\/08\/Nayttokuva-2024-08-28-kello-14.25.48.png 770w\" sizes=\"(max-width: 666px) 100vw, 666px\" \/><\/figure><\/div>\n\n\n<p>Sisko Latvus, Sara Kronholm (Apis 2021)<\/p>\n\n\n\n<p>Pinja on kauan haaveillut omasta koiranpennusta. Vihdoin se on luvattu! Kun h\u00e4n ennen pennun tuloa tutkii netist\u00e4 koirajuttuja, h\u00e4n l\u00f6yt\u00e4\u00e4 kuitenkin tietoja, jotka saavat h\u00e4net pois tolaltaan. Mit\u00e4 ihmett\u00e4 t\u00e4ss\u00e4 maailmassa oikein tapahtuu? Onko el\u00e4imi\u00e4 ihan pakko sy\u00f6d\u00e4? Pinjan mieless\u00e4 kypsyy nopeasti p\u00e4\u00e4t\u00f6s, joka muuttaa h\u00e4nen el\u00e4m\u00e4ns\u00e4 kertaheitolla. Kaiken myllerryksen keskell\u00e4 h\u00e4nell\u00e4 on onneksi varma kiintopiste: oma koira. Mutta sill\u00e4kin taholla on luvassa yll\u00e4tyksi\u00e4.<\/p>\n\n\n\n<p><br><em>Ihan vege ja parrakas Sulo <\/em>on hauska ja j\u00e4nnitt\u00e4v\u00e4 kertomus yksitoistavuotiaan tyt\u00f6n el\u00e4m\u00e4n t\u00e4rkeist\u00e4 k\u00e4\u00e4nteist\u00e4. Sisko Latvus (s.1945) on julkaissut useita lasten ja nuortenkirjoja, ja t\u00e4m\u00e4n kirjan h\u00e4n on tehnyt yhdess\u00e4 lapsenlapsensa Sara Kronholmin (s. 2006) kanssa. Se julkaistaan lasten- ja nuortenkirjailijoiden VaLas-kollektiivin kirjana.<\/p>\n","protected":false},"excerpt":{"rendered":"<p>Sisko Latvus, Sara Kronholm (Apis 2021) Pinja on kauan haaveillut omasta koiranpennusta. Vihdoin se on&#8230;<\/p>\n","protected":false},"author":1,"featured_media":0,"parent":0,"menu_order":0,"comment_status":"closed","ping_status":"closed","template":"","meta":{"footnotes":""},"class_list":["post-125","page","type-page","status-publish","hentry"],"_links":{"self":[{"href":"https:\/\/www.valaskirjat.fi\/index.php\/wp-json\/wp\/v2\/pages\/125"}],"collection":[{"href":"https:\/\/www.valaskirjat.fi\/index.php\/wp-json\/wp\/v2\/pages"}],"about":[{"href":"https:\/\/www.valaskirjat.fi\/index.php\/wp-json\/wp\/v2\/types\/page"}],"author":[{"embeddable":true,"href":"https:\/\/www.valaskirjat.fi\/index.php\/wp-json\/wp\/v2\/users\/1"}],"replies":[{"embeddable":true,"href":"https:\/\/www.valaskirjat.fi\/index.php\/wp-json\/wp\/v2\/comments?post=125"}],"version-history":[{"count":2,"href":"https:\/\/www.valaskirjat.fi\/index.php\/wp-json\/wp\/v2\/pages\/125\/revisions"}],"predecessor-version":[{"id":127,"href":"https:\/\/www.valaskirjat.fi\/index.php\/wp-json\/wp\/v2\/pages\/125\/revisions\/127"}],"wp:attachment":[{"href":"https:\/\/www.valaskirjat.fi\/index.php\/wp-json\/wp\/v2\/media?parent=125"}],"curies":[{"name":"wp","href":"https:\/\/api.w.org\/{rel}","templated":true}]}}