{"id":139,"date":"2024-10-10T06:40:02","date_gmt":"2024-10-10T06:40:02","guid":{"rendered":"https:\/\/www.valaskirjat.fi\/?page_id=139"},"modified":"2024-10-10T06:40:02","modified_gmt":"2024-10-10T06:40:02","slug":"anne-leinonen","status":"publish","type":"page","link":"https:\/\/www.valaskirjat.fi\/index.php\/anne-leinonen\/","title":{"rendered":"Anne Leinonen"},"content":{"rendered":"\n<p>Kirjoitan kaikenlaista erilaisille kohderyhmille, mutta tuotantoani yhdist\u00e4\u00e4 yksi asia: spekulatiivinen fiktio, eli kirjoitan tieteistarinoitaa, fantasiaa ja kauhua. Asun maalla It\u00e4-Suomessa kissojen, kiiltomatojen ja lepakoiden ymp\u00e4r\u00f6im\u00e4n\u00e4 ja inspiroidun metsist\u00e4 ja tuulisista syys\u00f6ist\u00e4.<\/p>\n\n\n\n<p>Valas-kirjoina minulta on ilmestyneet:<br><em><a href=\"https:\/\/www.valaskirjat.fi\/index.php\/kirotun-niityn-tytto\/\">Kirotun niityn tytt\u00f6<\/a><\/em> (selkokirja, Penelope 2024)<br><em><a href=\"https:\/\/www.valaskirjat.fi\/index.php\/holtiton-masiina\/\">Holtiton masiina<\/a><\/em> (Icasos 2020, kuvitus Broci)<\/p>\n\n\n\n<p>Kotisivuni l\u00f6ytyv\u00e4t osoitteesta <a href=\"http:\/\/anneleinonen.net\" data-type=\"link\" data-id=\"anneleinonen.net\">anneleinonen.net<\/a><br>S\u00e4hk\u00f6postia voi laittaa osoitteeseen annemleinonen(at)hotmail.com<\/p>\n","protected":false},"excerpt":{"rendered":"<p>Kirjoitan kaikenlaista erilaisille kohderyhmille, mutta tuotantoani yhdist\u00e4\u00e4 yksi asia: spekulatiivinen fiktio, eli kirjoitan tieteistarinoitaa, fantasiaa&#8230;<\/p>\n","protected":false},"author":1,"featured_media":0,"parent":0,"menu_order":0,"comment_status":"closed","ping_status":"closed","template":"","meta":{"footnotes":""},"class_list":["post-139","page","type-page","status-publish","hentry"],"_links":{"self":[{"href":"https:\/\/www.valaskirjat.fi\/index.php\/wp-json\/wp\/v2\/pages\/139"}],"collection":[{"href":"https:\/\/www.valaskirjat.fi\/index.php\/wp-json\/wp\/v2\/pages"}],"about":[{"href":"https:\/\/www.valaskirjat.fi\/index.php\/wp-json\/wp\/v2\/types\/page"}],"author":[{"embeddable":true,"href":"https:\/\/www.valaskirjat.fi\/index.php\/wp-json\/wp\/v2\/users\/1"}],"replies":[{"embeddable":true,"href":"https:\/\/www.valaskirjat.fi\/index.php\/wp-json\/wp\/v2\/comments?post=139"}],"version-history":[{"count":1,"href":"https:\/\/www.valaskirjat.fi\/index.php\/wp-json\/wp\/v2\/pages\/139\/revisions"}],"predecessor-version":[{"id":147,"href":"https:\/\/www.valaskirjat.fi\/index.php\/wp-json\/wp\/v2\/pages\/139\/revisions\/147"}],"wp:attachment":[{"href":"https:\/\/www.valaskirjat.fi\/index.php\/wp-json\/wp\/v2\/media?parent=139"}],"curies":[{"name":"wp","href":"https:\/\/api.w.org\/{rel}","templated":true}]}}