{"id":142,"date":"2024-10-10T06:38:14","date_gmt":"2024-10-10T06:38:14","guid":{"rendered":"https:\/\/www.valaskirjat.fi\/?page_id=142"},"modified":"2024-10-10T06:39:45","modified_gmt":"2024-10-10T06:39:45","slug":"holtiton-masiina","status":"publish","type":"page","link":"https:\/\/www.valaskirjat.fi\/index.php\/holtiton-masiina\/","title":{"rendered":"Holtiton masiina"},"content":{"rendered":"<div class=\"wp-block-image\">\n<figure class=\"alignright size-large is-resized\"><img loading=\"lazy\" decoding=\"async\" width=\"650\" height=\"1024\" src=\"http:\/\/www.valaskirjat.fi\/wp-content\/uploads\/2024\/10\/Nayttokuva-2024-10-10-kello-9.39.02-650x1024.png\" alt=\"\" class=\"wp-image-144\" style=\"width:295px;height:auto\" srcset=\"https:\/\/www.valaskirjat.fi\/wp-content\/uploads\/2024\/10\/Nayttokuva-2024-10-10-kello-9.39.02-650x1024.png 650w, https:\/\/www.valaskirjat.fi\/wp-content\/uploads\/2024\/10\/Nayttokuva-2024-10-10-kello-9.39.02-190x300.png 190w, https:\/\/www.valaskirjat.fi\/wp-content\/uploads\/2024\/10\/Nayttokuva-2024-10-10-kello-9.39.02-768x1210.png 768w, https:\/\/www.valaskirjat.fi\/wp-content\/uploads\/2024\/10\/Nayttokuva-2024-10-10-kello-9.39.02.png 868w\" sizes=\"(max-width: 650px) 100vw, 650px\" \/><\/figure><\/div>\n\n\n<p>Anne Leinonen: <em>Holtiton masiina <\/em>(Icasos 2020)<\/p>\n\n\n\n<p>Riekki, Emin ja Iisa osallistuvat koulun tiedep\u00e4iv\u00e4\u00e4n itse tehdyll\u00e4 koneella, jonka on tarkoitus muokata todellisuutta. Koulup\u00e4iv\u00e4t olisivat kolmen tunnin mittaisia, kotona takapihalla olisi huvipuisto jne.<\/p>\n\n\n\n<p>Kun Riekki painaa nappia, maailma todellakin muuttuu. Naapurin Kinkeroinen alkaa urheilla ja is\u00e4lle kasvaa tukka. Kaikki muutokset eiv\u00e4t ole suinkaan mukavia. Riekki huomaa olevansa muiden mielest\u00e4 kiusaaja. Iisa ja Emin eiv\u00e4t olekaan en\u00e4\u00e4 h\u00e4nen parhaita yst\u00e4vi\u00e4\u00e4n.<\/p>\n\n\n\n<p>Riekki haluaa asiat takaisin ennalleen, mutta sit\u00e4 varten h\u00e4nen on pantava kaikki peliin, eik\u00e4 se onnistu yksin, vaan h\u00e4n tarvitsee yst\u00e4v\u00e4ns\u00e4 takaisin.<\/p>\n\n\n\n<p><em>Holtiton masiina<\/em> k\u00e4sittelee toveruuden, rohkeuden ja olemisen kysymyksi\u00e4 l\u00e4mpim\u00e4n mieleenpainuvalla tavalla.<\/p>\n\n\n\n<p>Kirjan on kuvittanut sarjakuvataiteilija Broci.<\/p>\n\n\n\n<p>Kustantajan <a href=\"https:\/\/icasos.fi\/tuote\/holtiton-masiina\/\">verkkokauppa<\/a>.<\/p>\n\n\n\n<h4 class=\"wp-block-heading\"><\/h4>\n","protected":false},"excerpt":{"rendered":"<p>Anne Leinonen: Holtiton masiina (Icasos 2020) Riekki, Emin ja Iisa osallistuvat koulun tiedep\u00e4iv\u00e4\u00e4n itse tehdyll\u00e4&#8230;<\/p>\n","protected":false},"author":1,"featured_media":0,"parent":0,"menu_order":0,"comment_status":"closed","ping_status":"closed","template":"","meta":{"footnotes":""},"class_list":["post-142","page","type-page","status-publish","hentry"],"_links":{"self":[{"href":"https:\/\/www.valaskirjat.fi\/index.php\/wp-json\/wp\/v2\/pages\/142"}],"collection":[{"href":"https:\/\/www.valaskirjat.fi\/index.php\/wp-json\/wp\/v2\/pages"}],"about":[{"href":"https:\/\/www.valaskirjat.fi\/index.php\/wp-json\/wp\/v2\/types\/page"}],"author":[{"embeddable":true,"href":"https:\/\/www.valaskirjat.fi\/index.php\/wp-json\/wp\/v2\/users\/1"}],"replies":[{"embeddable":true,"href":"https:\/\/www.valaskirjat.fi\/index.php\/wp-json\/wp\/v2\/comments?post=142"}],"version-history":[{"count":3,"href":"https:\/\/www.valaskirjat.fi\/index.php\/wp-json\/wp\/v2\/pages\/142\/revisions"}],"predecessor-version":[{"id":146,"href":"https:\/\/www.valaskirjat.fi\/index.php\/wp-json\/wp\/v2\/pages\/142\/revisions\/146"}],"wp:attachment":[{"href":"https:\/\/www.valaskirjat.fi\/index.php\/wp-json\/wp\/v2\/media?parent=142"}],"curies":[{"name":"wp","href":"https:\/\/api.w.org\/{rel}","templated":true}]}}