{"id":150,"date":"2024-10-15T09:28:18","date_gmt":"2024-10-15T09:28:18","guid":{"rendered":"https:\/\/www.valaskirjat.fi\/?page_id=150"},"modified":"2024-11-12T21:04:42","modified_gmt":"2024-11-12T21:04:42","slug":"paivi-lukkarila","status":"publish","type":"page","link":"https:\/\/www.valaskirjat.fi\/index.php\/paivi-lukkarila\/","title":{"rendered":"P\u00e4ivi Lukkarila"},"content":{"rendered":"\n<p class=\"has-text-align-center has-large-font-size\"><\/p>\n\n\n<div class=\"wp-block-image\">\n<figure class=\"alignright size-large is-resized\"><img loading=\"lazy\" decoding=\"async\" width=\"738\" height=\"1024\" src=\"http:\/\/www.valaskirjat.fi\/wp-content\/uploads\/2024\/10\/kirjailijakuva_lukkarila-738x1024.png\" alt=\"\" class=\"wp-image-154\" style=\"width:430px;height:auto\" srcset=\"https:\/\/www.valaskirjat.fi\/wp-content\/uploads\/2024\/10\/kirjailijakuva_lukkarila-738x1024.png 738w, https:\/\/www.valaskirjat.fi\/wp-content\/uploads\/2024\/10\/kirjailijakuva_lukkarila-216x300.png 216w, https:\/\/www.valaskirjat.fi\/wp-content\/uploads\/2024\/10\/kirjailijakuva_lukkarila-768x1066.png 768w, https:\/\/www.valaskirjat.fi\/wp-content\/uploads\/2024\/10\/kirjailijakuva_lukkarila-1106x1536.png 1106w, https:\/\/www.valaskirjat.fi\/wp-content\/uploads\/2024\/10\/kirjailijakuva_lukkarila-1475x2048.png 1475w, https:\/\/www.valaskirjat.fi\/wp-content\/uploads\/2024\/10\/kirjailijakuva_lukkarila-1320x1833.png 1320w, https:\/\/www.valaskirjat.fi\/wp-content\/uploads\/2024\/10\/kirjailijakuva_lukkarila-920x1277.png 920w, https:\/\/www.valaskirjat.fi\/wp-content\/uploads\/2024\/10\/kirjailijakuva_lukkarila.png 1738w\" sizes=\"(max-width: 738px) 100vw, 738px\" \/><figcaption class=\"wp-element-caption\">Kuva: Juho Mustonen<\/figcaption><\/figure><\/div>\n\n\n<p>Kuva: Juho Mustonen<\/p>\n\n\n\n<p>Olen Tampereella asuva kirjailija, jolta on julkaistu parikymment\u00e4 lasten- ja nuortenkirjaa, niist\u00e4 nelj\u00e4 VaLas-kirjoja. Kirjani ovat p\u00e4\u00e4osin ns. realistisia romaaneja tai novelleja. Kirjoitan my\u00f6s selkokielisi\u00e4 teoksia ja selkomukautuksia.<\/p>\n\n\n\n<p>Kirja myynniss\u00e4 <a href=\"https:\/\/holvi.com\/shop\/nokkahiiri\/\">t\u00e4\u00e4ll\u00e4<\/a>.<\/p>\n\n\n\n<p>Yhteystiedot<\/p>\n\n\n\n<p>FB <a href=\"https:\/\/www.facebook.com\/profile.php?id=100067188056565&amp;locale=fi_FI\">Kirjailija, P\u00e4ivi Lukkarila<\/a><br> IG <a href=\"https:\/\/www.instagram.com\/kirjailija_paivi_lukkarila\/\">kirjailija_paivi_lukkarila<\/a><br>www: <a href=\"http:\/\/paivilukkarila.wordpress.com\">paivilukkarila.wordpress.com<\/a><\/p>\n\n\n","protected":false},"excerpt":{"rendered":"<p>Kuva: Juho Mustonen Olen Tampereella asuva kirjailija, jolta on julkaistu parikymment\u00e4 lasten- ja nuortenkirjaa, niist\u00e4&#8230;<\/p>\n","protected":false},"author":1,"featured_media":0,"parent":0,"menu_order":0,"comment_status":"closed","ping_status":"closed","template":"","meta":{"footnotes":"[]"},"class_list":["post-150","page","type-page","status-publish","hentry"],"_links":{"self":[{"href":"https:\/\/www.valaskirjat.fi\/index.php\/wp-json\/wp\/v2\/pages\/150"}],"collection":[{"href":"https:\/\/www.valaskirjat.fi\/index.php\/wp-json\/wp\/v2\/pages"}],"about":[{"href":"https:\/\/www.valaskirjat.fi\/index.php\/wp-json\/wp\/v2\/types\/page"}],"author":[{"embeddable":true,"href":"https:\/\/www.valaskirjat.fi\/index.php\/wp-json\/wp\/v2\/users\/1"}],"replies":[{"embeddable":true,"href":"https:\/\/www.valaskirjat.fi\/index.php\/wp-json\/wp\/v2\/comments?post=150"}],"version-history":[{"count":4,"href":"https:\/\/www.valaskirjat.fi\/index.php\/wp-json\/wp\/v2\/pages\/150\/revisions"}],"predecessor-version":[{"id":173,"href":"https:\/\/www.valaskirjat.fi\/index.php\/wp-json\/wp\/v2\/pages\/150\/revisions\/173"}],"wp:attachment":[{"href":"https:\/\/www.valaskirjat.fi\/index.php\/wp-json\/wp\/v2\/media?parent=150"}],"curies":[{"name":"wp","href":"https:\/\/api.w.org\/{rel}","templated":true}]}}