{"id":161,"date":"2024-10-24T07:25:27","date_gmt":"2024-10-24T07:25:27","guid":{"rendered":"https:\/\/www.valaskirjat.fi\/?page_id=161"},"modified":"2024-10-24T07:26:34","modified_gmt":"2024-10-24T07:26:34","slug":"esko-pekka-tiitinen","status":"publish","type":"page","link":"https:\/\/www.valaskirjat.fi\/index.php\/esko-pekka-tiitinen\/","title":{"rendered":"Esko-Pekka Tiitinen"},"content":{"rendered":"\n<p><\/p>\n\n\n<div class=\"wp-block-image\">\n<figure class=\"alignright size-full is-resized\"><img loading=\"lazy\" decoding=\"async\" width=\"600\" height=\"772\" src=\"http:\/\/www.valaskirjat.fi\/wp-content\/uploads\/2024\/10\/unnamed.jpg\" alt=\"\" class=\"wp-image-163\" style=\"width:431px;height:auto\" srcset=\"https:\/\/www.valaskirjat.fi\/wp-content\/uploads\/2024\/10\/unnamed.jpg 600w, https:\/\/www.valaskirjat.fi\/wp-content\/uploads\/2024\/10\/unnamed-233x300.jpg 233w\" sizes=\"(max-width: 600px) 100vw, 600px\" \/><figcaption class=\"wp-element-caption\">Kuva: Jouko Hirvonen<\/figcaption><\/figure><\/div>\n\n\n<p>Olen kirjailija, kuvataiteilija ja muusikko. Lapsille kirjoittaessani olen pyrkinyt nousemaan heid\u00e4n tasolleen. Vuosikymmenien aikana olen pit\u00e4nyt kymmeni\u00e4 yksityisn\u00e4yttelyit\u00e4 ja osallistunut yhteisn\u00e4yttelyihin Suomessa ja lukomailla. Olen kirjoittanut liki nelj\u00e4kymment\u00e4 kirjaa lapsille, nuorille ja aikuisille. Kirjojani on julkaistu yhdess\u00e4toista maassa. N\u00e4ytelmi\u00e4ni on esitetty lukuisissa kaupunginteattereissa ja harrastajaryhmiss\u00e4. <\/p>\n\n\n\n<p>Esko-Pekka Tiitinen (b. 1956, Suonenjoki) Highly acclaimed and one of Finland\u00b4s most beloved and awarded children\u00b4s author and artist. His talents are recognised over several professional fields. He has an active career as an author, theatre director, scriptwriter, composer, song writer and playwright. He has to date written over thirty books, several theatre plays, radio plays, opera librettos, tv-scripts and exhibited his artwork both home and abroad. <\/p>\n\n\n\n<p>Kotisivut: <a href=\"https:\/\/eptiitinen.wixsite.com\/villitie\">https:\/\/eptiitinen.wixsite.com\/villitie<\/a><\/p>\n\n\n\n<p><\/p>\n","protected":false},"excerpt":{"rendered":"<p>Olen kirjailija, kuvataiteilija ja muusikko. Lapsille kirjoittaessani olen pyrkinyt nousemaan heid\u00e4n tasolleen. Vuosikymmenien aikana olen&#8230;<\/p>\n","protected":false},"author":1,"featured_media":0,"parent":0,"menu_order":0,"comment_status":"closed","ping_status":"closed","template":"","meta":{"footnotes":""},"class_list":["post-161","page","type-page","status-publish","hentry"],"_links":{"self":[{"href":"https:\/\/www.valaskirjat.fi\/index.php\/wp-json\/wp\/v2\/pages\/161"}],"collection":[{"href":"https:\/\/www.valaskirjat.fi\/index.php\/wp-json\/wp\/v2\/pages"}],"about":[{"href":"https:\/\/www.valaskirjat.fi\/index.php\/wp-json\/wp\/v2\/types\/page"}],"author":[{"embeddable":true,"href":"https:\/\/www.valaskirjat.fi\/index.php\/wp-json\/wp\/v2\/users\/1"}],"replies":[{"embeddable":true,"href":"https:\/\/www.valaskirjat.fi\/index.php\/wp-json\/wp\/v2\/comments?post=161"}],"version-history":[{"count":4,"href":"https:\/\/www.valaskirjat.fi\/index.php\/wp-json\/wp\/v2\/pages\/161\/revisions"}],"predecessor-version":[{"id":166,"href":"https:\/\/www.valaskirjat.fi\/index.php\/wp-json\/wp\/v2\/pages\/161\/revisions\/166"}],"wp:attachment":[{"href":"https:\/\/www.valaskirjat.fi\/index.php\/wp-json\/wp\/v2\/media?parent=161"}],"curies":[{"name":"wp","href":"https:\/\/api.w.org\/{rel}","templated":true}]}}