{"id":179,"date":"2025-05-06T10:59:16","date_gmt":"2025-05-06T10:59:16","guid":{"rendered":"https:\/\/www.valaskirjat.fi\/?page_id=179"},"modified":"2025-05-06T10:59:17","modified_gmt":"2025-05-06T10:59:17","slug":"mopokesa","status":"publish","type":"page","link":"https:\/\/www.valaskirjat.fi\/index.php\/mopokesa\/","title":{"rendered":"Mopokes\u00e4"},"content":{"rendered":"<div class=\"wp-block-image\">\n<figure class=\"alignright size-large is-resized\"><img loading=\"lazy\" decoding=\"async\" width=\"733\" height=\"1024\" src=\"https:\/\/www.valaskirjat.fi\/wp-content\/uploads\/2025\/05\/Mopokesa-kansikuva-733x1024.jpg\" alt=\"\" class=\"wp-image-180\" style=\"width:305px;height:auto\" srcset=\"https:\/\/www.valaskirjat.fi\/wp-content\/uploads\/2025\/05\/Mopokesa-kansikuva-733x1024.jpg 733w, https:\/\/www.valaskirjat.fi\/wp-content\/uploads\/2025\/05\/Mopokesa-kansikuva-215x300.jpg 215w, https:\/\/www.valaskirjat.fi\/wp-content\/uploads\/2025\/05\/Mopokesa-kansikuva-768x1073.jpg 768w, https:\/\/www.valaskirjat.fi\/wp-content\/uploads\/2025\/05\/Mopokesa-kansikuva-1100x1536.jpg 1100w, https:\/\/www.valaskirjat.fi\/wp-content\/uploads\/2025\/05\/Mopokesa-kansikuva-1320x1844.jpg 1320w, https:\/\/www.valaskirjat.fi\/wp-content\/uploads\/2025\/05\/Mopokesa-kansikuva-920x1285.jpg 920w, https:\/\/www.valaskirjat.fi\/wp-content\/uploads\/2025\/05\/Mopokesa-kansikuva.jpg 1432w\" sizes=\"(max-width: 733px) 100vw, 733px\" \/><\/figure><\/div>\n\n\n<p>Mopokes\u00e4. Sopuli, 2025.<\/p>\n\n\n\n<p>S\u00e4eromaani 15-vuotiaasta Mariasta, jonka kes\u00e4 on menossa pilalle rahapulan takia. H\u00e4n ei pysty ostamaan unelmiensa mopoa eik\u00e4 p\u00e4\u00e4se ajelulle s\u00f6p\u00f6n Oden kanssa. Paras kaveri Ama tuntuu et\u00e4iselt\u00e4. Maria ei luovuta, vaan perustaa yrityksen. Toteutuuko Marian haaveiden mopokes\u00e4? Pirskahteleva kertomus suurista tunteista, yst\u00e4vyydest\u00e4 ja rohkeudesta.<\/p>\n\n\n\n<p>Ik\u00e4ryhm\u00e4: 12+<\/p>\n\n\n\n<p>kansikuva: Jyrki Pitk\u00e4<\/p>\n\n\n\n<p><\/p>\n\n\n\n<figure class=\"wp-block-embed\"><div class=\"wp-block-embed__wrapper\">\nhttps:\/\/lastenkirjahylly.blogspot.com\/2021\/09\/sankaruutta-on-monenlaista.html\n<\/div><\/figure>\n\n\n\n<p><a href=\"http:\/\/katariinaromppainen.wordpress.com\/\" target=\"_blank\" rel=\"noreferrer noopener\">katariinaromppainen.wordpress.com<\/a><\/p>\n","protected":false},"excerpt":{"rendered":"<p>Mopokes\u00e4. Sopuli, 2025. S\u00e4eromaani 15-vuotiaasta Mariasta, jonka kes\u00e4 on menossa pilalle rahapulan takia. H\u00e4n ei&#8230;<\/p>\n","protected":false},"author":1,"featured_media":0,"parent":0,"menu_order":0,"comment_status":"closed","ping_status":"closed","template":"","meta":{"footnotes":""},"class_list":["post-179","page","type-page","status-publish","hentry"],"_links":{"self":[{"href":"https:\/\/www.valaskirjat.fi\/index.php\/wp-json\/wp\/v2\/pages\/179"}],"collection":[{"href":"https:\/\/www.valaskirjat.fi\/index.php\/wp-json\/wp\/v2\/pages"}],"about":[{"href":"https:\/\/www.valaskirjat.fi\/index.php\/wp-json\/wp\/v2\/types\/page"}],"author":[{"embeddable":true,"href":"https:\/\/www.valaskirjat.fi\/index.php\/wp-json\/wp\/v2\/users\/1"}],"replies":[{"embeddable":true,"href":"https:\/\/www.valaskirjat.fi\/index.php\/wp-json\/wp\/v2\/comments?post=179"}],"version-history":[{"count":1,"href":"https:\/\/www.valaskirjat.fi\/index.php\/wp-json\/wp\/v2\/pages\/179\/revisions"}],"predecessor-version":[{"id":181,"href":"https:\/\/www.valaskirjat.fi\/index.php\/wp-json\/wp\/v2\/pages\/179\/revisions\/181"}],"wp:attachment":[{"href":"https:\/\/www.valaskirjat.fi\/index.php\/wp-json\/wp\/v2\/media?parent=179"}],"curies":[{"name":"wp","href":"https:\/\/api.w.org\/{rel}","templated":true}]}}