{"id":212,"date":"2026-04-10T15:15:34","date_gmt":"2026-04-10T15:15:34","guid":{"rendered":"https:\/\/www.valaskirjat.fi\/?page_id=212"},"modified":"2026-04-10T15:19:02","modified_gmt":"2026-04-10T15:19:02","slug":"mimmu-tihinen-kaken-maailman-asiat","status":"publish","type":"page","link":"https:\/\/www.valaskirjat.fi\/index.php\/mimmu-tihinen-kaken-maailman-asiat\/","title":{"rendered":"Mimmu Tihinen: Kaken maailman asiat"},"content":{"rendered":"<div class=\"wp-block-image\">\n<figure class=\"alignright size-large is-resized\"><img loading=\"lazy\" decoding=\"async\" width=\"651\" height=\"1024\" src=\"http:\/\/www.valaskirjat.fi\/wp-content\/uploads\/2024\/08\/Nayttokuva-2024-08-28-kello-12.25.42-651x1024.png\" alt=\"\" class=\"wp-image-40\" style=\"width:270px;height:auto\" srcset=\"https:\/\/www.valaskirjat.fi\/wp-content\/uploads\/2024\/08\/Nayttokuva-2024-08-28-kello-12.25.42-651x1024.png 651w, https:\/\/www.valaskirjat.fi\/wp-content\/uploads\/2024\/08\/Nayttokuva-2024-08-28-kello-12.25.42-191x300.png 191w, https:\/\/www.valaskirjat.fi\/wp-content\/uploads\/2024\/08\/Nayttokuva-2024-08-28-kello-12.25.42-768x1209.png 768w, https:\/\/www.valaskirjat.fi\/wp-content\/uploads\/2024\/08\/Nayttokuva-2024-08-28-kello-12.25.42-920x1448.png 920w, https:\/\/www.valaskirjat.fi\/wp-content\/uploads\/2024\/08\/Nayttokuva-2024-08-28-kello-12.25.42.png 958w\" sizes=\"(max-width: 651px) 100vw, 651px\" \/><figcaption class=\"wp-element-caption\">2022<\/figcaption><\/figure><\/div>\n\n\n<p>Uljas &amp; Lucia, 2022<br> ISBN 978-952-94-5891-2 (sid.) <br>125 sivua <br>Kansi: Jyrki Pitk\u00e4 <br><br><em>Kaken maailman asiat <\/em>on sanakirjamuotoinen, juonellisesti etenev\u00e4 varhaisnuortenromaani. <br><br>Kake harrastaa shakkia ja aikoo shakin maailmanmestariksi. Ensin t\u00e4ytyy kuitenkin vakiinnuttaa paikka shakkikerhon edustusjoukkueessa ja voittaa Alisa, kerhon paras pelaaja. Mutta Kaken menestyksen tiell\u00e4 on muutakin kuin vastustajan shakkinappuloita. Tavoitteisiin p\u00e4\u00e4sy\u00e4 hidastavat mm. Kaken suppeasta sanavarastosta huolissaan oleva \u00e4iti, muoviroskasta huolissaan oleva is\u00e4 ja naapurin koira, joka ei ole huolissaan mist\u00e4\u00e4n, mutta jota t\u00e4ytyy ulkoiluttaa. <br><br><em>Kaken maailman asiat<\/em> on Kaken laatima sanakirja, \u201dKakepedia\u201d. Se kertoo humoristiseen tyyliin voitoista ja tappioista sek\u00e4 siit\u00e4, kuinka harhautetaan naapurin Kyyl\u00e4\u00e4, ja mit\u00e4 tarkoittaa poikiminen. El\u00e4m\u00e4 ei ole pelkk\u00e4\u00e4 sopeutumista muiden siirtoihin. On my\u00f6s uskallettava tehd\u00e4 aloitus ja luottaa itseens\u00e4. <br><br>Lis\u00e4tietoja: uljas.lucia@gmail.com<\/p>\n","protected":false},"excerpt":{"rendered":"<p>Uljas &amp; Lucia, 2022 ISBN 978-952-94-5891-2 (sid.) 125 sivua Kansi: Jyrki Pitk\u00e4 Kaken maailman asiat&#8230;<\/p>\n","protected":false},"author":1,"featured_media":0,"parent":0,"menu_order":0,"comment_status":"closed","ping_status":"closed","template":"","meta":{"footnotes":""},"class_list":["post-212","page","type-page","status-publish","hentry"],"_links":{"self":[{"href":"https:\/\/www.valaskirjat.fi\/index.php\/wp-json\/wp\/v2\/pages\/212"}],"collection":[{"href":"https:\/\/www.valaskirjat.fi\/index.php\/wp-json\/wp\/v2\/pages"}],"about":[{"href":"https:\/\/www.valaskirjat.fi\/index.php\/wp-json\/wp\/v2\/types\/page"}],"author":[{"embeddable":true,"href":"https:\/\/www.valaskirjat.fi\/index.php\/wp-json\/wp\/v2\/users\/1"}],"replies":[{"embeddable":true,"href":"https:\/\/www.valaskirjat.fi\/index.php\/wp-json\/wp\/v2\/comments?post=212"}],"version-history":[{"count":2,"href":"https:\/\/www.valaskirjat.fi\/index.php\/wp-json\/wp\/v2\/pages\/212\/revisions"}],"predecessor-version":[{"id":216,"href":"https:\/\/www.valaskirjat.fi\/index.php\/wp-json\/wp\/v2\/pages\/212\/revisions\/216"}],"wp:attachment":[{"href":"https:\/\/www.valaskirjat.fi\/index.php\/wp-json\/wp\/v2\/media?parent=212"}],"curies":[{"name":"wp","href":"https:\/\/api.w.org\/{rel}","templated":true}]}}