{"id":36,"date":"2024-08-28T09:04:35","date_gmt":"2024-08-28T09:04:35","guid":{"rendered":"https:\/\/www.valaskirjat.fi\/?page_id=36"},"modified":"2024-08-28T09:04:35","modified_gmt":"2024-08-28T09:04:35","slug":"kuinka-saavutetaan-zanshin","status":"publish","type":"page","link":"https:\/\/www.valaskirjat.fi\/index.php\/kuinka-saavutetaan-zanshin\/","title":{"rendered":"Kuinka saavutetaan Zanshin"},"content":{"rendered":"\n<p>Seitsem\u00e4sluokkalainen Arsi pelaa tiimins\u00e4 kanssa CS: GO:ta ja haaveilee ammattilaispelaajan urasta. Arsin \u00e4idin mielest\u00e4 e-urheilu ei ole oikeaa urheilua, joten h\u00e4n vaatii poikaansa aloittamaan liikuntaharrastuksen. Kun Korsto, luokan suosituin poika, nolaa Arsin koko koulun ja etenkin ihanan Pupun silmiss\u00e4, Arsi p\u00e4\u00e4tt\u00e4\u00e4 antaa Korstolle opetuksen. Kun h\u00e4n saa viel\u00e4 vihi\u00e4, ett\u00e4 h\u00e4nen is\u00e4ns\u00e4, josta \u00e4iti ei ole koskaan kertonut hiiskaustakaan, saattaisi olla karateka, on lajivalintakin selv\u00e4. Arsi ilmoittautuu karaten alkeiskurssille tarkoituksenaan h\u00f6ykytt\u00e4\u00e4 Korstoa oikein kunnolla.<\/p>\n\n\n\n<p>Er\u00e4\u00e4n\u00e4 p\u00e4iv\u00e4n\u00e4 Arsille tarjoutuu mahdollisuus kostaa Korstolle, muttei aivan niin kuin h\u00e4n on kuvitellut. Ja sitten kaikki menee yll\u00e4tt\u00e4v\u00e4ll\u00e4 tavalla pieleen.<\/p>\n\n\n\n<p>Kuinka saavutetaan zanshin k\u00e4sittelee koulukiusaamista, murrosik\u00e4\u00e4 ja is\u00e4tt\u00f6myytt\u00e4 nuoren n\u00e4k\u00f6kulmasta, raikkaalla tavalla ja huumoria unohtamatta.<\/p>\n\n\n\n<p>P\u00e4ivi Lukkarila on tamperelainen lasten- ja nuortenkirjailija ja suomi toisena kielen\u00e4 -opettaja. Kuinka saavutetaan zanshin on h\u00e4nen kuudestoista romaaninsa.<\/p>\n","protected":false},"excerpt":{"rendered":"<p>Seitsem\u00e4sluokkalainen Arsi pelaa tiimins\u00e4 kanssa CS: GO:ta ja haaveilee ammattilaispelaajan urasta. Arsin \u00e4idin mielest\u00e4 e-urheilu&#8230;<\/p>\n","protected":false},"author":1,"featured_media":0,"parent":0,"menu_order":0,"comment_status":"closed","ping_status":"closed","template":"","meta":{"footnotes":""},"class_list":["post-36","page","type-page","status-publish","hentry"],"_links":{"self":[{"href":"https:\/\/www.valaskirjat.fi\/index.php\/wp-json\/wp\/v2\/pages\/36"}],"collection":[{"href":"https:\/\/www.valaskirjat.fi\/index.php\/wp-json\/wp\/v2\/pages"}],"about":[{"href":"https:\/\/www.valaskirjat.fi\/index.php\/wp-json\/wp\/v2\/types\/page"}],"author":[{"embeddable":true,"href":"https:\/\/www.valaskirjat.fi\/index.php\/wp-json\/wp\/v2\/users\/1"}],"replies":[{"embeddable":true,"href":"https:\/\/www.valaskirjat.fi\/index.php\/wp-json\/wp\/v2\/comments?post=36"}],"version-history":[{"count":1,"href":"https:\/\/www.valaskirjat.fi\/index.php\/wp-json\/wp\/v2\/pages\/36\/revisions"}],"predecessor-version":[{"id":37,"href":"https:\/\/www.valaskirjat.fi\/index.php\/wp-json\/wp\/v2\/pages\/36\/revisions\/37"}],"wp:attachment":[{"href":"https:\/\/www.valaskirjat.fi\/index.php\/wp-json\/wp\/v2\/media?parent=36"}],"curies":[{"name":"wp","href":"https:\/\/api.w.org\/{rel}","templated":true}]}}