{"id":60,"date":"2024-08-29T03:57:15","date_gmt":"2024-08-29T03:57:15","guid":{"rendered":"https:\/\/www.valaskirjat.fi\/?page_id=60"},"modified":"2025-05-06T10:56:30","modified_gmt":"2025-05-06T10:56:30","slug":"nyyrikin-joukukirja","status":"publish","type":"page","link":"https:\/\/www.valaskirjat.fi\/index.php\/nyyrikin-joukukirja\/","title":{"rendered":"Nyyrikin joulukirja"},"content":{"rendered":"\n<p>Nyyrikki-orava odottaa innolla joulua ja erityisesti yhteist\u00e4 joulujuhlaa. Mutta mit\u00e4 ihmett\u00e4! \u00c4k\u00e4m\u00e4-tontulla on muuta puuhaa, eik\u00e4 h\u00e4n suostu valmistelemaan juhlaa. Onko koko joulu nyt pilalla?<br>Nyyrikki-orava ja h\u00e4nen yst\u00e4v\u00e4ns\u00e4 Hiiri Niininen eiv\u00e4t kuitenkaan j\u00e4\u00e4 toimettomiksi!<\/p>\n\n\n\n<p>Nyyrikin joulukirjassa yhdistyv\u00e4t hauskalla tavalla perinteet ja nykyaika. Kuvakirja sopii monen ik\u00e4isille niin joulun odotukseen kuin joulun ajan yhteiseksi lukuhetkeksikin.<\/p>\n","protected":false},"excerpt":{"rendered":"<p>Nyyrikki-orava odottaa innolla joulua ja erityisesti yhteist\u00e4 joulujuhlaa. Mutta mit\u00e4 ihmett\u00e4! \u00c4k\u00e4m\u00e4-tontulla on muuta puuhaa,&#8230;<\/p>\n","protected":false},"author":1,"featured_media":0,"parent":0,"menu_order":0,"comment_status":"closed","ping_status":"closed","template":"","meta":{"footnotes":""},"class_list":["post-60","page","type-page","status-publish","hentry"],"_links":{"self":[{"href":"https:\/\/www.valaskirjat.fi\/index.php\/wp-json\/wp\/v2\/pages\/60"}],"collection":[{"href":"https:\/\/www.valaskirjat.fi\/index.php\/wp-json\/wp\/v2\/pages"}],"about":[{"href":"https:\/\/www.valaskirjat.fi\/index.php\/wp-json\/wp\/v2\/types\/page"}],"author":[{"embeddable":true,"href":"https:\/\/www.valaskirjat.fi\/index.php\/wp-json\/wp\/v2\/users\/1"}],"replies":[{"embeddable":true,"href":"https:\/\/www.valaskirjat.fi\/index.php\/wp-json\/wp\/v2\/comments?post=60"}],"version-history":[{"count":2,"href":"https:\/\/www.valaskirjat.fi\/index.php\/wp-json\/wp\/v2\/pages\/60\/revisions"}],"predecessor-version":[{"id":178,"href":"https:\/\/www.valaskirjat.fi\/index.php\/wp-json\/wp\/v2\/pages\/60\/revisions\/178"}],"wp:attachment":[{"href":"https:\/\/www.valaskirjat.fi\/index.php\/wp-json\/wp\/v2\/media?parent=60"}],"curies":[{"name":"wp","href":"https:\/\/api.w.org\/{rel}","templated":true}]}}