{"id":63,"date":"2024-08-29T03:59:42","date_gmt":"2024-08-29T03:59:42","guid":{"rendered":"https:\/\/www.valaskirjat.fi\/?page_id=63"},"modified":"2024-10-10T06:36:11","modified_gmt":"2024-10-10T06:36:11","slug":"kirotun-niityn-tytto","status":"publish","type":"page","link":"https:\/\/www.valaskirjat.fi\/index.php\/kirotun-niityn-tytto\/","title":{"rendered":"Kirotun niityn tytt\u00f6"},"content":{"rendered":"<div class=\"wp-block-image\">\n<figure class=\"alignright size-large is-resized\"><img loading=\"lazy\" decoding=\"async\" width=\"668\" height=\"1024\" src=\"http:\/\/www.valaskirjat.fi\/wp-content\/uploads\/2024\/08\/kirotunniityntytto-668x1024.jpg\" alt=\"\" class=\"wp-image-18\" style=\"width:341px;height:auto\" srcset=\"https:\/\/www.valaskirjat.fi\/wp-content\/uploads\/2024\/08\/kirotunniityntytto-668x1024.jpg 668w, https:\/\/www.valaskirjat.fi\/wp-content\/uploads\/2024\/08\/kirotunniityntytto-196x300.jpg 196w, https:\/\/www.valaskirjat.fi\/wp-content\/uploads\/2024\/08\/kirotunniityntytto-768x1177.jpg 768w, https:\/\/www.valaskirjat.fi\/wp-content\/uploads\/2024\/08\/kirotunniityntytto-920x1410.jpg 920w, https:\/\/www.valaskirjat.fi\/wp-content\/uploads\/2024\/08\/kirotunniityntytto.jpg 984w\" sizes=\"(max-width: 668px) 100vw, 668px\" \/><figcaption class=\"wp-element-caption\">2024<\/figcaption><\/figure><\/div>\n\n\n<p>Anne Leinonen, Penelope-kustannus 2024, kansi Ella Eschner, kuvat Aada Kym\u00e4l\u00e4inen ja Melina Richter.<\/p>\n\n\n\n<p><em>Kirotun niityn tytt\u00f6<\/em> sis\u00e4lt\u00e4\u00e4 selkokielisi\u00e4 kauhutarinoita. <br><br>Niityll\u00e4 asuu kummitus, joka aikoo vapautua kirouksestaan. El\u00e4intarhasta karkaa joukko vampyyrej\u00e4. Ne on saatava mahdollisimman nopeasti kiinni. Kiusatulla tyt\u00f6ll\u00e4 on tappava salaisuus. Sisar hoitaa salaa pikkuvelje\u00e4\u00e4n, joka muuttuu sudeksi. Suunnistusseuran j\u00e4senet palvovat muinaista suolla asuvaa jumalaa. Kokoelman novellit sopivat sek\u00e4 nuorille ett\u00e4 aikuisille. <\/p>\n\n\n\n<p>Anne Leinonen on Ristiinassa asuva palkittu kirjailija, joka on kirjoittanut tieteiskirjallisuutta, kauhua ja fantasiaa. Kirotun niityn tytt\u00f6 on h\u00e4nen laajasta tuotannostaan valikoitu kokoelma. Tarinat on julkaistu aiemmin eri kirjoissa ja lehdiss\u00e4, ja ne ovat kirjailijan itsens\u00e4 selkomukauttamia.<\/p>\n\n\n\n<p>Kirjaa voi tilata muun muassa <a href=\"https:\/\/holvi.com\/shop\/penelope-kustannus\/product\/06a1e44f785b9b3a368ecece50ee5aab\/\" data-type=\"link\" data-id=\"https:\/\/holvi.com\/shop\/penelope-kustannus\/product\/06a1e44f785b9b3a368ecece50ee5aab\/\">kustantajan sivuilta<\/a>.<\/p>\n","protected":false},"excerpt":{"rendered":"<p>Anne Leinonen, Penelope-kustannus 2024, kansi Ella Eschner, kuvat Aada Kym\u00e4l\u00e4inen ja Melina Richter. Kirotun niityn&#8230;<\/p>\n","protected":false},"author":1,"featured_media":0,"parent":0,"menu_order":0,"comment_status":"closed","ping_status":"closed","template":"","meta":{"footnotes":""},"class_list":["post-63","page","type-page","status-publish","hentry"],"_links":{"self":[{"href":"https:\/\/www.valaskirjat.fi\/index.php\/wp-json\/wp\/v2\/pages\/63"}],"collection":[{"href":"https:\/\/www.valaskirjat.fi\/index.php\/wp-json\/wp\/v2\/pages"}],"about":[{"href":"https:\/\/www.valaskirjat.fi\/index.php\/wp-json\/wp\/v2\/types\/page"}],"author":[{"embeddable":true,"href":"https:\/\/www.valaskirjat.fi\/index.php\/wp-json\/wp\/v2\/users\/1"}],"replies":[{"embeddable":true,"href":"https:\/\/www.valaskirjat.fi\/index.php\/wp-json\/wp\/v2\/comments?post=63"}],"version-history":[{"count":3,"href":"https:\/\/www.valaskirjat.fi\/index.php\/wp-json\/wp\/v2\/pages\/63\/revisions"}],"predecessor-version":[{"id":141,"href":"https:\/\/www.valaskirjat.fi\/index.php\/wp-json\/wp\/v2\/pages\/63\/revisions\/141"}],"wp:attachment":[{"href":"https:\/\/www.valaskirjat.fi\/index.php\/wp-json\/wp\/v2\/media?parent=63"}],"curies":[{"name":"wp","href":"https:\/\/api.w.org\/{rel}","templated":true}]}}