{"id":70,"date":"2024-08-29T04:51:38","date_gmt":"2024-08-29T04:51:38","guid":{"rendered":"https:\/\/www.valaskirjat.fi\/?page_id=70"},"modified":"2026-04-10T15:19:48","modified_gmt":"2026-04-10T15:19:48","slug":"kun-hiljaisuus-valehtelee","status":"publish","type":"page","link":"https:\/\/www.valaskirjat.fi\/index.php\/kun-hiljaisuus-valehtelee\/","title":{"rendered":"Kun hiljaisuus valehtelee"},"content":{"rendered":"<div class=\"wp-block-image\">\n<figure class=\"alignright size-large is-resized\"><img loading=\"lazy\" decoding=\"async\" width=\"713\" height=\"1024\" src=\"http:\/\/www.valaskirjat.fi\/wp-content\/uploads\/2024\/08\/Nayttokuva-2024-08-29-kello-7.50.01-713x1024.png\" alt=\"\" class=\"wp-image-69\" style=\"width:330px;height:auto\" srcset=\"https:\/\/www.valaskirjat.fi\/wp-content\/uploads\/2024\/08\/Nayttokuva-2024-08-29-kello-7.50.01-713x1024.png 713w, https:\/\/www.valaskirjat.fi\/wp-content\/uploads\/2024\/08\/Nayttokuva-2024-08-29-kello-7.50.01-209x300.png 209w, https:\/\/www.valaskirjat.fi\/wp-content\/uploads\/2024\/08\/Nayttokuva-2024-08-29-kello-7.50.01-768x1104.png 768w, https:\/\/www.valaskirjat.fi\/wp-content\/uploads\/2024\/08\/Nayttokuva-2024-08-29-kello-7.50.01.png 842w\" sizes=\"(max-width: 713px) 100vw, 713px\" \/><figcaption class=\"wp-element-caption\">2024<\/figcaption><\/figure><\/div>\n\n\n<p>Kustantaja: Uljas &amp; Lucia, 2024 <br>ISBN 978-952-65288-0-9 (sid.) <br>104 sivua <br>Kansi: Jyrki Pitk\u00e4 <br>Selkokielinen nuortenromaani<br><br>Kun hiljaisuus valehtelee, kertoo rohkeudesta rikkoa hiljaisuus ja luottaa omiin p\u00e4\u00e4t\u00f6ksiins\u00e4. Kirjan p\u00e4\u00e4henkil\u00f6, 16-vuotias Riku, saa yll\u00e4tt\u00e4v\u00e4n viestin. Viestin on l\u00e4hett\u00e4nyt Luka, joka v\u00e4itt\u00e4\u00e4 olevansa Rikun veli. Onko v\u00e4ite totta? Jos on, miksei veljest\u00e4 ole puhuttu?<br><br>Riku harrastaa kilpauintia ja kuuluu uimaseuransa viestijoukkueeseen. Joukkueella on hyv\u00e4 yhteishenki, ja se on menestynyt kisoissa. Riku aikoo kuitenkin lopettaa kilpailemisen. H\u00e4n miettii, miten kertoa p\u00e4\u00e4t\u00f6ksest\u00e4 joukkuekavereileen tuottamatta heille pettymyst\u00e4. Onko pakko kilpailla vain siksi, ett\u00e4 on hyv\u00e4? Kun hiljaisuus valehtelee on tiivistunnelmainen ja todentuntuinen romaani. Selke\u00e4, mutta vivahteikas kerronta antaa lukuel\u00e4myksen my\u00f6s sujuvan lukutaidon omaaville nuorille. <br><br>Kustantajan yhteystiedot: uljas.lucia@gmail.com<\/p>\n","protected":false},"excerpt":{"rendered":"<p>Kustantaja: Uljas &amp; Lucia, 2024 ISBN 978-952-65288-0-9 (sid.) 104 sivua Kansi: Jyrki Pitk\u00e4 Selkokielinen nuortenromaani&#8230;<\/p>\n","protected":false},"author":1,"featured_media":0,"parent":0,"menu_order":0,"comment_status":"closed","ping_status":"closed","template":"","meta":{"footnotes":""},"class_list":["post-70","page","type-page","status-publish","hentry"],"_links":{"self":[{"href":"https:\/\/www.valaskirjat.fi\/index.php\/wp-json\/wp\/v2\/pages\/70"}],"collection":[{"href":"https:\/\/www.valaskirjat.fi\/index.php\/wp-json\/wp\/v2\/pages"}],"about":[{"href":"https:\/\/www.valaskirjat.fi\/index.php\/wp-json\/wp\/v2\/types\/page"}],"author":[{"embeddable":true,"href":"https:\/\/www.valaskirjat.fi\/index.php\/wp-json\/wp\/v2\/users\/1"}],"replies":[{"embeddable":true,"href":"https:\/\/www.valaskirjat.fi\/index.php\/wp-json\/wp\/v2\/comments?post=70"}],"version-history":[{"count":3,"href":"https:\/\/www.valaskirjat.fi\/index.php\/wp-json\/wp\/v2\/pages\/70\/revisions"}],"predecessor-version":[{"id":217,"href":"https:\/\/www.valaskirjat.fi\/index.php\/wp-json\/wp\/v2\/pages\/70\/revisions\/217"}],"wp:attachment":[{"href":"https:\/\/www.valaskirjat.fi\/index.php\/wp-json\/wp\/v2\/media?parent=70"}],"curies":[{"name":"wp","href":"https:\/\/api.w.org\/{rel}","templated":true}]}}