{"id":74,"date":"2024-08-29T04:52:30","date_gmt":"2024-08-29T04:52:30","guid":{"rendered":"https:\/\/www.valaskirjat.fi\/?page_id=74"},"modified":"2024-08-29T04:52:30","modified_gmt":"2024-08-29T04:52:30","slug":"koko-pitka-yo","status":"publish","type":"page","link":"https:\/\/www.valaskirjat.fi\/index.php\/koko-pitka-yo\/","title":{"rendered":"Koko pitk\u00e4 y\u00f6"},"content":{"rendered":"\n<p>On se ilta, kun kouluvuosi on ohi ja edess\u00e4 p\u00e4\u00e4tt\u00e4j\u00e4isbileet ja pitk\u00e4, kuuma kes\u00e4. Matias l\u00e4htee y\u00f6h\u00f6n hopeanharmaalla Volvollaan, mutta kuka p\u00e4\u00e4see pelk\u00e4\u00e4j\u00e4n paikalle: luottokaveri Lunki, naapurin kuuma abitytt\u00f6 Kaisa vaiko Vilma? Matias on tuntenut Vilman p\u00e4iv\u00e4koti-ik\u00e4isest\u00e4, silti r\u00e4v\u00e4k\u00e4n tyt\u00f6n ajatusten tulkitseminen tuntuu vaikealta. Onko Vilma kiinnostunut Matiaksesta muutenkin kuin<br>autokuskina?<\/p>\n\n\n\n<p>Koko pitk\u00e4 y\u00f6 on helppolukuinen, vet\u00e4v\u00e4 ja huumorin ryyditt\u00e4m\u00e4 kuvaus nuorista kes\u00e4y\u00f6ss\u00e4, aikuisuuden kynnyksell\u00e4.<\/p>\n\n\n\n<p><strong>Jukka-Pekka Palviainen<\/strong> on palkittu sastamalalainen kirjailija. <em>Koko pitk\u00e4 y\u00f6 <\/em>on h\u00e4nen yhdestoista nuortenromaaninsa.<\/p>\n","protected":false},"excerpt":{"rendered":"<p>On se ilta, kun kouluvuosi on ohi ja edess\u00e4 p\u00e4\u00e4tt\u00e4j\u00e4isbileet ja pitk\u00e4, kuuma kes\u00e4. Matias&#8230;<\/p>\n","protected":false},"author":1,"featured_media":0,"parent":0,"menu_order":0,"comment_status":"closed","ping_status":"closed","template":"","meta":{"footnotes":""},"class_list":["post-74","page","type-page","status-publish","hentry"],"_links":{"self":[{"href":"https:\/\/www.valaskirjat.fi\/index.php\/wp-json\/wp\/v2\/pages\/74"}],"collection":[{"href":"https:\/\/www.valaskirjat.fi\/index.php\/wp-json\/wp\/v2\/pages"}],"about":[{"href":"https:\/\/www.valaskirjat.fi\/index.php\/wp-json\/wp\/v2\/types\/page"}],"author":[{"embeddable":true,"href":"https:\/\/www.valaskirjat.fi\/index.php\/wp-json\/wp\/v2\/users\/1"}],"replies":[{"embeddable":true,"href":"https:\/\/www.valaskirjat.fi\/index.php\/wp-json\/wp\/v2\/comments?post=74"}],"version-history":[{"count":1,"href":"https:\/\/www.valaskirjat.fi\/index.php\/wp-json\/wp\/v2\/pages\/74\/revisions"}],"predecessor-version":[{"id":75,"href":"https:\/\/www.valaskirjat.fi\/index.php\/wp-json\/wp\/v2\/pages\/74\/revisions\/75"}],"wp:attachment":[{"href":"https:\/\/www.valaskirjat.fi\/index.php\/wp-json\/wp\/v2\/media?parent=74"}],"curies":[{"name":"wp","href":"https:\/\/api.w.org\/{rel}","templated":true}]}}