{"id":77,"date":"2024-08-29T04:53:12","date_gmt":"2024-08-29T04:53:12","guid":{"rendered":"https:\/\/www.valaskirjat.fi\/?page_id=77"},"modified":"2024-08-29T04:54:35","modified_gmt":"2024-08-29T04:54:35","slug":"kuinka-saavutetaan-zanshin-selkomukautus","status":"publish","type":"page","link":"https:\/\/www.valaskirjat.fi\/index.php\/kuinka-saavutetaan-zanshin-selkomukautus\/","title":{"rendered":"Kuinka saavutetaan Zanshin: selkomukautus"},"content":{"rendered":"<div class=\"wp-block-image\">\n<figure class=\"alignright size-full is-resized\"><img loading=\"lazy\" decoding=\"async\" width=\"492\" height=\"694\" src=\"http:\/\/www.valaskirjat.fi\/wp-content\/uploads\/2024\/08\/Nayttokuva-2024-08-29-kello-7.00.38.png\" alt=\"\" class=\"wp-image-66\" style=\"width:354px;height:auto\" srcset=\"https:\/\/www.valaskirjat.fi\/wp-content\/uploads\/2024\/08\/Nayttokuva-2024-08-29-kello-7.00.38.png 492w, https:\/\/www.valaskirjat.fi\/wp-content\/uploads\/2024\/08\/Nayttokuva-2024-08-29-kello-7.00.38-213x300.png 213w\" sizes=\"(max-width: 492px) 100vw, 492px\" \/><figcaption class=\"wp-element-caption\">2023<\/figcaption><\/figure><\/div>\n\n\n<p>Arsi pelaa kavereiden kanssa netiss\u00e4. H\u00e4n haluaa ammattilaispelaajaksi. \u00c4idin mielest\u00e4 Arsin pit\u00e4isi harrastaa liikuntaa. Koulussa Arsi haluaa kostaa Korstolle, joka on nolannut h\u00e4net monta kertaa. Arsi aloittaa karaten alkeiskurssin. Siell\u00e4 karateopettaja kertoo zanshinista. Zanshin on japanin kielt\u00e4. Se tarkoittaa tarkkaavaisuutta, valppautta ja hetkeen keskittymist\u00e4. Zanshinia Arsi tarvitsee, kun h\u00e4n er\u00e4\u00e4n\u00e4 iltana kohtaa Korston.<\/p>\n","protected":false},"excerpt":{"rendered":"<p>Arsi pelaa kavereiden kanssa netiss\u00e4. H\u00e4n haluaa ammattilaispelaajaksi. \u00c4idin mielest\u00e4 Arsin pit\u00e4isi harrastaa liikuntaa. Koulussa&#8230;<\/p>\n","protected":false},"author":1,"featured_media":0,"parent":0,"menu_order":0,"comment_status":"closed","ping_status":"closed","template":"","meta":{"footnotes":""},"class_list":["post-77","page","type-page","status-publish","hentry"],"_links":{"self":[{"href":"https:\/\/www.valaskirjat.fi\/index.php\/wp-json\/wp\/v2\/pages\/77"}],"collection":[{"href":"https:\/\/www.valaskirjat.fi\/index.php\/wp-json\/wp\/v2\/pages"}],"about":[{"href":"https:\/\/www.valaskirjat.fi\/index.php\/wp-json\/wp\/v2\/types\/page"}],"author":[{"embeddable":true,"href":"https:\/\/www.valaskirjat.fi\/index.php\/wp-json\/wp\/v2\/users\/1"}],"replies":[{"embeddable":true,"href":"https:\/\/www.valaskirjat.fi\/index.php\/wp-json\/wp\/v2\/comments?post=77"}],"version-history":[{"count":3,"href":"https:\/\/www.valaskirjat.fi\/index.php\/wp-json\/wp\/v2\/pages\/77\/revisions"}],"predecessor-version":[{"id":81,"href":"https:\/\/www.valaskirjat.fi\/index.php\/wp-json\/wp\/v2\/pages\/77\/revisions\/81"}],"wp:attachment":[{"href":"https:\/\/www.valaskirjat.fi\/index.php\/wp-json\/wp\/v2\/media?parent=77"}],"curies":[{"name":"wp","href":"https:\/\/api.w.org\/{rel}","templated":true}]}}