{"id":82,"date":"2024-08-29T05:01:00","date_gmt":"2024-08-29T05:01:00","guid":{"rendered":"https:\/\/www.valaskirjat.fi\/?page_id=82"},"modified":"2024-08-29T05:01:00","modified_gmt":"2024-08-29T05:01:00","slug":"nyyrikin-syksy","status":"publish","type":"page","link":"https:\/\/www.valaskirjat.fi\/index.php\/nyyrikin-syksy\/","title":{"rendered":"Nyyrikin syksy"},"content":{"rendered":"<div class=\"wp-block-image\">\n<figure class=\"alignright size-large is-resized\"><img loading=\"lazy\" decoding=\"async\" width=\"707\" height=\"1024\" src=\"https:\/\/www.valaskirjat.fi\/wp-content\/uploads\/2024\/08\/Nayttokuva-2024-08-29-kello-7.59.42-707x1024.png\" alt=\"\" class=\"wp-image-83\" style=\"width:342px;height:auto\" srcset=\"https:\/\/www.valaskirjat.fi\/wp-content\/uploads\/2024\/08\/Nayttokuva-2024-08-29-kello-7.59.42-707x1024.png 707w, https:\/\/www.valaskirjat.fi\/wp-content\/uploads\/2024\/08\/Nayttokuva-2024-08-29-kello-7.59.42-207x300.png 207w, https:\/\/www.valaskirjat.fi\/wp-content\/uploads\/2024\/08\/Nayttokuva-2024-08-29-kello-7.59.42-768x1112.png 768w, https:\/\/www.valaskirjat.fi\/wp-content\/uploads\/2024\/08\/Nayttokuva-2024-08-29-kello-7.59.42.png 826w\" sizes=\"(max-width: 707px) 100vw, 707px\" \/><\/figure><\/div>\n\n\n<p>Is\u00e4 kehottaa Nyyrikki-oravaa laittamaan pipon p\u00e4\u00e4h\u00e4ns\u00e4. Uusi pipo on Nyyrikin mielest\u00e4 tyls\u00e4. Nyyrikki juoksee ulos ilman pipoa, vaikka ulkona ei ole en\u00e4\u00e4 l\u00e4mmin.<br>Syksyisest\u00e4 mets\u00e4st\u00e4 Nyyrikki l\u00f6yt\u00e4\u00e4 ihania vesilammikoita, pudonneita lehti\u00e4, hyvin piikikk\u00e4\u00e4n asian ja parven touhukkaita tiaisia. Lopulta vastaan tulee my\u00f6s Hiiri Niininen. Hiiri Niinisell\u00e4 on uusi kaulahuivi. Se n\u00e4ytt\u00e4\u00e4 niin l\u00e4mpim\u00e4lt\u00e4&#8230;<\/p>\n\n\n\n<p><em>Nyyrikin syksy <\/em>-kirjassa Nyyrikin joulukirjasta tuttu oravanpoika juoksee K\u00e4pymets\u00e4ss\u00e4 ja ihmettelee syksyn saapumista. Bonuksena kirjan sis\u00e4kansissa on K\u00e4pymets\u00e4n suuren runoilijan, Tonttu \u00c4k\u00e4m\u00e4n syysrunoja.<br>Nyyrikin syksy on l\u00e4mminhenkinen ja aivan pienillekin lapsille sopiva kuvakirja. <strong>Kristiina M\u00e4kimattilan<\/strong> kuvissa on hauskoja yksityiskohtia ja <strong>Mervi Heikkil\u00e4<\/strong> tarinoi tutuista, l\u00e4hiluonnosta l\u00f6ytyvist\u00e4 asioista.<\/p>\n\n\n\n<p>Kirjan avulla voidaan lasten kanssa keskustella syksyst\u00e4 vuodenaikana, s\u00e4\u00e4h\u00e4n sopivasta pukeutumisesta tai sitten pelk\u00e4st\u00e4\u00e4n nauttia tarinan tapahtumista.<\/p>\n\n\n\n<p>Nyyrikin syksy -kirjaa saa vapaasti esitt\u00e4\u00e4 Suomen yleisten kirjastojen j\u00e4rjest\u00e4miss\u00e4 l\u00e4hitapahtumissa, jotka ovat asiakkaille maksuttomia.<br><\/p>\n\n\n\n<p>Teos on VaLas-kollektiivin kirja.<\/p>\n","protected":false},"excerpt":{"rendered":"<p>Is\u00e4 kehottaa Nyyrikki-oravaa laittamaan pipon p\u00e4\u00e4h\u00e4ns\u00e4. Uusi pipo on Nyyrikin mielest\u00e4 tyls\u00e4. Nyyrikki juoksee ulos&#8230;<\/p>\n","protected":false},"author":1,"featured_media":0,"parent":0,"menu_order":0,"comment_status":"closed","ping_status":"closed","template":"","meta":{"footnotes":""},"class_list":["post-82","page","type-page","status-publish","hentry"],"_links":{"self":[{"href":"https:\/\/www.valaskirjat.fi\/index.php\/wp-json\/wp\/v2\/pages\/82"}],"collection":[{"href":"https:\/\/www.valaskirjat.fi\/index.php\/wp-json\/wp\/v2\/pages"}],"about":[{"href":"https:\/\/www.valaskirjat.fi\/index.php\/wp-json\/wp\/v2\/types\/page"}],"author":[{"embeddable":true,"href":"https:\/\/www.valaskirjat.fi\/index.php\/wp-json\/wp\/v2\/users\/1"}],"replies":[{"embeddable":true,"href":"https:\/\/www.valaskirjat.fi\/index.php\/wp-json\/wp\/v2\/comments?post=82"}],"version-history":[{"count":1,"href":"https:\/\/www.valaskirjat.fi\/index.php\/wp-json\/wp\/v2\/pages\/82\/revisions"}],"predecessor-version":[{"id":84,"href":"https:\/\/www.valaskirjat.fi\/index.php\/wp-json\/wp\/v2\/pages\/82\/revisions\/84"}],"wp:attachment":[{"href":"https:\/\/www.valaskirjat.fi\/index.php\/wp-json\/wp\/v2\/media?parent=82"}],"curies":[{"name":"wp","href":"https:\/\/api.w.org\/{rel}","templated":true}]}}