{"id":96,"date":"2024-09-17T04:05:35","date_gmt":"2024-09-17T04:05:35","guid":{"rendered":"https:\/\/www.valaskirjat.fi\/?page_id=96"},"modified":"2024-09-17T04:09:37","modified_gmt":"2024-09-17T04:09:37","slug":"skutsi","status":"publish","type":"page","link":"https:\/\/www.valaskirjat.fi\/index.php\/skutsi\/","title":{"rendered":"Skutsi"},"content":{"rendered":"<div class=\"wp-block-image\">\n<figure class=\"alignright size-large is-resized\"><img loading=\"lazy\" decoding=\"async\" width=\"676\" height=\"1024\" src=\"http:\/\/www.valaskirjat.fi\/wp-content\/uploads\/2024\/09\/skutsi-kansitaitto-676x1024.png\" alt=\"\" class=\"wp-image-98\" style=\"width:335px;height:auto\" srcset=\"https:\/\/www.valaskirjat.fi\/wp-content\/uploads\/2024\/09\/skutsi-kansitaitto-676x1024.png 676w, https:\/\/www.valaskirjat.fi\/wp-content\/uploads\/2024\/09\/skutsi-kansitaitto-198x300.png 198w, https:\/\/www.valaskirjat.fi\/wp-content\/uploads\/2024\/09\/skutsi-kansitaitto-768x1163.png 768w, https:\/\/www.valaskirjat.fi\/wp-content\/uploads\/2024\/09\/skutsi-kansitaitto-1014x1536.png 1014w, https:\/\/www.valaskirjat.fi\/wp-content\/uploads\/2024\/09\/skutsi-kansitaitto-1352x2048.png 1352w, https:\/\/www.valaskirjat.fi\/wp-content\/uploads\/2024\/09\/skutsi-kansitaitto-1320x1999.png 1320w, https:\/\/www.valaskirjat.fi\/wp-content\/uploads\/2024\/09\/skutsi-kansitaitto-920x1394.png 920w, https:\/\/www.valaskirjat.fi\/wp-content\/uploads\/2024\/09\/skutsi-kansitaitto.png 1871w\" sizes=\"(max-width: 676px) 100vw, 676px\" \/><figcaption class=\"wp-element-caption\">2024<\/figcaption><\/figure><\/div>\n\n\n<p>Nelj\u00e4 toisilleen tuntematonta nuorta l\u00e4hetet\u00e4\u00e4n vaellukselle, jolla \u00e4ylaitteet on kielletty. Illan pimentyess\u00e4 kerrotaan kauhutarinoita, ja ymp\u00e4r\u00f6iv\u00e4ss\u00e4 luonnossa tapahtuu outoja asioita: mik\u00e4 kumma mellastaa y\u00f6ll\u00e4 mets\u00e4ss\u00e4, mik\u00e4 pel\u00e4stytti saksalaisturistit autiotuvalla?<\/p>\n\n\n\n<p><em>Skutsi <\/em>yhdist\u00e4\u00e4 er\u00e4tarinaan kauhuelementtej\u00e4 olematta varsinainen kauhukertomus. Mik\u00e4 nuorten toisilleen kertomassa on totta, mik\u00e4 keksitty\u00e4, j\u00e4\u00e4 paljolti lukijan p\u00e4\u00e4telt\u00e4v\u00e4ksi.\u201d<\/p>\n\n\n\n<p><\/p>\n","protected":false},"excerpt":{"rendered":"<p>Nelj\u00e4 toisilleen tuntematonta nuorta l\u00e4hetet\u00e4\u00e4n vaellukselle, jolla \u00e4ylaitteet on kielletty. Illan pimentyess\u00e4 kerrotaan kauhutarinoita, ja&#8230;<\/p>\n","protected":false},"author":1,"featured_media":0,"parent":0,"menu_order":0,"comment_status":"closed","ping_status":"closed","template":"","meta":{"footnotes":""},"class_list":["post-96","page","type-page","status-publish","hentry"],"_links":{"self":[{"href":"https:\/\/www.valaskirjat.fi\/index.php\/wp-json\/wp\/v2\/pages\/96"}],"collection":[{"href":"https:\/\/www.valaskirjat.fi\/index.php\/wp-json\/wp\/v2\/pages"}],"about":[{"href":"https:\/\/www.valaskirjat.fi\/index.php\/wp-json\/wp\/v2\/types\/page"}],"author":[{"embeddable":true,"href":"https:\/\/www.valaskirjat.fi\/index.php\/wp-json\/wp\/v2\/users\/1"}],"replies":[{"embeddable":true,"href":"https:\/\/www.valaskirjat.fi\/index.php\/wp-json\/wp\/v2\/comments?post=96"}],"version-history":[{"count":4,"href":"https:\/\/www.valaskirjat.fi\/index.php\/wp-json\/wp\/v2\/pages\/96\/revisions"}],"predecessor-version":[{"id":104,"href":"https:\/\/www.valaskirjat.fi\/index.php\/wp-json\/wp\/v2\/pages\/96\/revisions\/104"}],"wp:attachment":[{"href":"https:\/\/www.valaskirjat.fi\/index.php\/wp-json\/wp\/v2\/media?parent=96"}],"curies":[{"name":"wp","href":"https:\/\/api.w.org\/{rel}","templated":true}]}}